{"id":9514,"date":"2021-09-26T14:38:41","date_gmt":"2021-09-26T12:38:41","guid":{"rendered":"http:\/\/79.190.195.46\/?page_id=9514"},"modified":"2023-02-02T20:19:08","modified_gmt":"2023-02-02T19:19:08","slug":"mlegitymacja","status":"publish","type":"page","link":"http:\/\/sp.uchanie.pl\/index.php\/mlegitymacja\/","title":{"rendered":"mLegitymacja"},"content":{"rendered":"<p>Bezp\u0142atny Generator Zdj\u0119\u0107 do mLegitymacji umo\u017cliwia wykonanie niezb\u0119dnego zdj\u0119cia przy pomocy dowolnego smartphona. Wystarczy zrobi\u0107 zdj\u0119cie, a Generator automatycznie wybieli t\u0142o oraz wykadruje zdj\u0119cie tak, \u017ceby spe\u0142nia\u0142o ono wymogi dotycz\u0105ce zdj\u0119cia do mLegitymacji.<\/p>\n<p><img loading=\"lazy\" decoding=\"async\" class=\"aligncenter wp-image-9515 size-large\" src=\"http:\/\/192.168.40.27\/wp-content\/uploads\/2021\/09\/mlegitymacja_4-1024x358.jpeg\" alt=\"\" width=\"625\" height=\"219\" srcset=\"http:\/\/sp.uchanie.pl\/wp-content\/uploads\/2021\/09\/mlegitymacja_4-1024x358.jpeg 1024w, http:\/\/sp.uchanie.pl\/wp-content\/uploads\/2021\/09\/mlegitymacja_4-300x105.jpeg 300w, http:\/\/sp.uchanie.pl\/wp-content\/uploads\/2021\/09\/mlegitymacja_4-768x269.jpeg 768w, http:\/\/sp.uchanie.pl\/wp-content\/uploads\/2021\/09\/mlegitymacja_4-624x218.jpeg 624w, http:\/\/sp.uchanie.pl\/wp-content\/uploads\/2021\/09\/mlegitymacja_4.jpeg 1200w\" sizes=\"auto, (max-width: 625px) 100vw, 625px\" \/><\/p>\n<p><a href=\"https:\/\/passport-photo.online\/pl\/zdjecie-do-mlegitymacji\" target=\"_blank\" rel=\"noopener noreferrer\" data-saferedirecturl=\"https:\/\/www.google.com\/url?q=https:\/\/passport-photo.online\/pl\/zdjecie-do-mlegitymacji&amp;source=gmail&amp;ust=1632745559527000&amp;usg=AFQjCNFL98ixIEHNnj67alXYe0jklUQFcw\">Bezp\u0142atny Generator Zdj\u0119\u0107 do mLegitymacji<\/a><\/p>\n<p><a href=\"http:\/\/185.172.208.196\/wp-content\/uploads\/2021\/09\/Wniosek_mLegitymacja.docx\">Wniosek_mLegitymacja<\/a><\/p>\n<p>&nbsp;<\/p>\n","protected":false},"excerpt":{"rendered":"<p>Bezp\u0142atny Generator Zdj\u0119\u0107 do mLegitymacji umo\u017cliwia wykonanie niezb\u0119dnego zdj\u0119cia przy pomocy dowolnego smartphona. Wystarczy zrobi\u0107 zdj\u0119cie, a Generator automatycznie wybieli t\u0142o oraz wykadruje zdj\u0119cie tak, \u017ceby spe\u0142nia\u0142o ono wymogi dotycz\u0105ce&#8230; <a href=\"http:\/\/sp.uchanie.pl\/index.php\/mlegitymacja\/\">Read more &raquo;<\/a><\/p>\n","protected":false},"author":1,"featured_media":0,"parent":0,"menu_order":0,"comment_status":"closed","ping_status":"closed","template":"","meta":{"footnotes":""},"class_list":["post-9514","page","type-page","status-publish","hentry"],"_links":{"self":[{"href":"http:\/\/sp.uchanie.pl\/index.php\/wp-json\/wp\/v2\/pages\/9514","targetHints":{"allow":["GET"]}}],"collection":[{"href":"http:\/\/sp.uchanie.pl\/index.php\/wp-json\/wp\/v2\/pages"}],"about":[{"href":"http:\/\/sp.uchanie.pl\/index.php\/wp-json\/wp\/v2\/types\/page"}],"author":[{"embeddable":true,"href":"http:\/\/sp.uchanie.pl\/index.php\/wp-json\/wp\/v2\/users\/1"}],"replies":[{"embeddable":true,"href":"http:\/\/sp.uchanie.pl\/index.php\/wp-json\/wp\/v2\/comments?post=9514"}],"version-history":[{"count":2,"href":"http:\/\/sp.uchanie.pl\/index.php\/wp-json\/wp\/v2\/pages\/9514\/revisions"}],"predecessor-version":[{"id":13848,"href":"http:\/\/sp.uchanie.pl\/index.php\/wp-json\/wp\/v2\/pages\/9514\/revisions\/13848"}],"wp:attachment":[{"href":"http:\/\/sp.uchanie.pl\/index.php\/wp-json\/wp\/v2\/media?parent=9514"}],"curies":[{"name":"wp","href":"https:\/\/api.w.org\/{rel}","templated":true}]}}