{"id":8446,"date":"2021-02-14T16:22:48","date_gmt":"2021-02-14T15:22:48","guid":{"rendered":"http:\/\/79.190.195.46\/?page_id=8446"},"modified":"2023-02-02T20:23:57","modified_gmt":"2023-02-02T19:23:57","slug":"procedury-zarzadzania-dyrektora","status":"publish","type":"page","link":"http:\/\/sp.uchanie.pl\/index.php\/dokumenty-szkolne\/procedury-zarzadzania-dyrektora\/","title":{"rendered":"Procedury"},"content":{"rendered":"<h1 style=\"text-align: center;\">Procedury<\/h1>\n<hr \/>\n<p style=\"text-align: left;\"><a href=\"http:\/\/185.172.208.196\/wp-content\/uploads\/2021\/04\/Wewn\u0119trzna-procedura-bezpiecze\u0144stwa-na-terenie-Szko\u0142y-Podstawowej-im.docx.pdf\">Wewn\u0119trzna procedura bezpiecze\u0144stwa na terenie Szko\u0142y Podstawowej im.docx<\/a><\/p>\n<p><a href=\"http:\/\/185.172.208.196\/wp-content\/uploads\/2021\/04\/Aneks-nr-1-do-Wewn\u0119trznej-procedury-bezpiecze\u0144stwa-z-dnia-12.01.2021.docx.pdf\">Aneks nr 1 do Wewn\u0119trznej procedury bezpiecze\u0144stwa z dnia 12.01.2021.docx<\/a><\/p>\n<p><a href=\"http:\/\/185.172.208.196\/wp-content\/uploads\/2021\/04\/Wytyczne_dla_klas_1-3_SP_-_aktualizacja_4052021.pdf\">Wytyczne_dla_klas_1-3_SP_-_aktualizacja_4052021<\/a><\/p>\n<p><a href=\"http:\/\/185.172.208.196\/wp-content\/uploads\/2021\/05\/Wytyczne_MEiN_MZ_i_GIS_dla_szk\u00f3\u0142_podstawowych_i_ponadpodstawowych-1.pdf\">Wytyczne_MEiN,_MZ_i_GIS_dla_szk\u00f3\u0142_podstawowych_i_ponadpodstawowych (1)<\/a><\/p>\n","protected":false},"excerpt":{"rendered":"<p>Procedury Wewn\u0119trzna procedura bezpiecze\u0144stwa na terenie Szko\u0142y Podstawowej im.docx Aneks nr 1 do Wewn\u0119trznej procedury bezpiecze\u0144stwa z dnia 12.01.2021.docx Wytyczne_dla_klas_1-3_SP_-_aktualizacja_4052021 Wytyczne_MEiN,_MZ_i_GIS_dla_szk\u00f3\u0142_podstawowych_i_ponadpodstawowych (1)<\/p>\n","protected":false},"author":1,"featured_media":0,"parent":8436,"menu_order":0,"comment_status":"closed","ping_status":"closed","template":"","meta":{"footnotes":""},"class_list":["post-8446","page","type-page","status-publish","hentry"],"_links":{"self":[{"href":"http:\/\/sp.uchanie.pl\/index.php\/wp-json\/wp\/v2\/pages\/8446","targetHints":{"allow":["GET"]}}],"collection":[{"href":"http:\/\/sp.uchanie.pl\/index.php\/wp-json\/wp\/v2\/pages"}],"about":[{"href":"http:\/\/sp.uchanie.pl\/index.php\/wp-json\/wp\/v2\/types\/page"}],"author":[{"embeddable":true,"href":"http:\/\/sp.uchanie.pl\/index.php\/wp-json\/wp\/v2\/users\/1"}],"replies":[{"embeddable":true,"href":"http:\/\/sp.uchanie.pl\/index.php\/wp-json\/wp\/v2\/comments?post=8446"}],"version-history":[{"count":8,"href":"http:\/\/sp.uchanie.pl\/index.php\/wp-json\/wp\/v2\/pages\/8446\/revisions"}],"predecessor-version":[{"id":13854,"href":"http:\/\/sp.uchanie.pl\/index.php\/wp-json\/wp\/v2\/pages\/8446\/revisions\/13854"}],"up":[{"embeddable":true,"href":"http:\/\/sp.uchanie.pl\/index.php\/wp-json\/wp\/v2\/pages\/8436"}],"wp:attachment":[{"href":"http:\/\/sp.uchanie.pl\/index.php\/wp-json\/wp\/v2\/media?parent=8446"}],"curies":[{"name":"wp","href":"https:\/\/api.w.org\/{rel}","templated":true}]}}