{"id":8433,"date":"2021-02-14T16:08:52","date_gmt":"2021-02-14T15:08:52","guid":{"rendered":"http:\/\/79.190.195.46\/?page_id=8433"},"modified":"2023-02-02T19:52:32","modified_gmt":"2023-02-02T18:52:32","slug":"dzialaj-z-impetem","status":"publish","type":"page","link":"http:\/\/sp.uchanie.pl\/index.php\/projekty\/dzialaj-z-impetem\/","title":{"rendered":"Dzia\u0142aj z IMPetem"},"content":{"rendered":"<h1 style=\"text-align: center;\">Dzia\u0142aj z IMPetem<\/h1>\n<hr \/>\n<p>We wrze\u015bniu nasza szko\u0142a przyst\u0105pi\u0142a do projektu &#8222;Dzia\u0142aj z imPETem&#8221;. Bior\u0105 w nim udzia\u0142 uczniowie klas I &#8211; III. Na pocz\u0105tku uczniowie zostali zapoznani z projektem, utworzona zosta\u0142a gazetka informacyjna na kt\u00f3rej s\u0105 informacje dotycz\u0105ce prawid\u0142owego segregowania butelek oraz miejsce do segregacji butelek PET. Nasze dzia\u0142ania przedstawiaj\u0105 si\u0119 nast\u0119puj\u0105co:<\/p>\n<p>Wrzesie\u0144<\/p>\n<p>Zapoznanie uczni\u00f3w z projektem i wykonanie tablicy informacyjnej.<\/p>\n<p><img loading=\"lazy\" decoding=\"async\" class=\"alignnone wp-image-8775 size-medium\" src=\"http:\/\/192.168.40.27\/wp-content\/uploads\/2021\/03\/IMG_20210219_070111-300x225.jpg\" alt=\"\" width=\"300\" height=\"225\" srcset=\"http:\/\/sp.uchanie.pl\/wp-content\/uploads\/2021\/03\/IMG_20210219_070111-300x225.jpg 300w, http:\/\/sp.uchanie.pl\/wp-content\/uploads\/2021\/03\/IMG_20210219_070111-768x576.jpg 768w, http:\/\/sp.uchanie.pl\/wp-content\/uploads\/2021\/03\/IMG_20210219_070111-624x468.jpg 624w, http:\/\/sp.uchanie.pl\/wp-content\/uploads\/2021\/03\/IMG_20210219_070111-240x180.jpg 240w, http:\/\/sp.uchanie.pl\/wp-content\/uploads\/2021\/03\/IMG_20210219_070111.jpg 800w\" sizes=\"auto, (max-width: 300px) 100vw, 300px\" \/><\/p>\n<p>&nbsp;<\/p>\n<p>Pa\u017adziernik<\/p>\n<p>Wszyscy uczniowie wykonali rysunek <strong>\u015amieciarki Mieci <\/strong>z wykonanych prac powsta\u0142a ma\u0142a galeria:<\/p>\n<p><img loading=\"lazy\" decoding=\"async\" class=\"alignnone wp-image-8789 size-medium\" src=\"http:\/\/192.168.40.27\/wp-content\/uploads\/2021\/03\/IMG_20201103_083147-300x225.jpeg\" alt=\"\" width=\"300\" height=\"225\" srcset=\"http:\/\/sp.uchanie.pl\/wp-content\/uploads\/2021\/03\/IMG_20201103_083147-300x225.jpeg 300w, http:\/\/sp.uchanie.pl\/wp-content\/uploads\/2021\/03\/IMG_20201103_083147-768x576.jpeg 768w, http:\/\/sp.uchanie.pl\/wp-content\/uploads\/2021\/03\/IMG_20201103_083147-624x468.jpeg 624w, http:\/\/sp.uchanie.pl\/wp-content\/uploads\/2021\/03\/IMG_20201103_083147-240x180.jpeg 240w, http:\/\/sp.uchanie.pl\/wp-content\/uploads\/2021\/03\/IMG_20201103_083147.jpeg 800w\" sizes=\"auto, (max-width: 300px) 100vw, 300px\" \/><\/p>\n<p>&nbsp;<\/p>\n<p><img loading=\"lazy\" decoding=\"async\" class=\"alignnone wp-image-8200 size-medium\" src=\"http:\/\/192.168.40.27\/wp-content\/uploads\/2020\/11\/z_impetem20_3-300x225.jpg\" alt=\"\" width=\"300\" height=\"225\" srcset=\"http:\/\/sp.uchanie.pl\/wp-content\/uploads\/2020\/11\/z_impetem20_3-300x225.jpg 300w, http:\/\/sp.uchanie.pl\/wp-content\/uploads\/2020\/11\/z_impetem20_3-768x576.jpg 768w, http:\/\/sp.uchanie.pl\/wp-content\/uploads\/2020\/11\/z_impetem20_3-624x468.jpg 624w, http:\/\/sp.uchanie.pl\/wp-content\/uploads\/2020\/11\/z_impetem20_3-240x180.jpg 240w, http:\/\/sp.uchanie.pl\/wp-content\/uploads\/2020\/11\/z_impetem20_3.jpg 800w\" sizes=\"auto, (max-width: 300px) 100vw, 300px\" \/><\/p>\n<p>&nbsp;<\/p>\n<p><img loading=\"lazy\" decoding=\"async\" class=\"alignnone wp-image-8199 size-medium\" src=\"http:\/\/192.168.40.27\/wp-content\/uploads\/2020\/11\/z_impetem20_2-300x225.jpg\" alt=\"\" width=\"300\" height=\"225\" srcset=\"http:\/\/sp.uchanie.pl\/wp-content\/uploads\/2020\/11\/z_impetem20_2-300x225.jpg 300w, http:\/\/sp.uchanie.pl\/wp-content\/uploads\/2020\/11\/z_impetem20_2-768x576.jpg 768w, http:\/\/sp.uchanie.pl\/wp-content\/uploads\/2020\/11\/z_impetem20_2-624x468.jpg 624w, http:\/\/sp.uchanie.pl\/wp-content\/uploads\/2020\/11\/z_impetem20_2-240x180.jpg 240w, http:\/\/sp.uchanie.pl\/wp-content\/uploads\/2020\/11\/z_impetem20_2.jpg 800w\" sizes=\"auto, (max-width: 300px) 100vw, 300px\" \/><\/p>\n<p>&nbsp;<\/p>\n<p><img loading=\"lazy\" decoding=\"async\" class=\"alignnone wp-image-8198 size-medium\" src=\"http:\/\/192.168.40.27\/wp-content\/uploads\/2020\/11\/z_impetem20_1-300x225.jpg\" alt=\"\" width=\"300\" height=\"225\" srcset=\"http:\/\/sp.uchanie.pl\/wp-content\/uploads\/2020\/11\/z_impetem20_1-300x225.jpg 300w, http:\/\/sp.uchanie.pl\/wp-content\/uploads\/2020\/11\/z_impetem20_1-768x576.jpg 768w, http:\/\/sp.uchanie.pl\/wp-content\/uploads\/2020\/11\/z_impetem20_1-624x468.jpg 624w, http:\/\/sp.uchanie.pl\/wp-content\/uploads\/2020\/11\/z_impetem20_1-240x180.jpg 240w, http:\/\/sp.uchanie.pl\/wp-content\/uploads\/2020\/11\/z_impetem20_1.jpg 800w\" sizes=\"auto, (max-width: 300px) 100vw, 300px\" \/><\/p>\n<p>&nbsp;<\/p>\n<p>Listopad<\/p>\n<p>W listopadzie zadanie uczniowie otrzymali online:<\/p>\n<p><img loading=\"lazy\" decoding=\"async\" class=\"alignnone wp-image-8790 size-medium\" src=\"http:\/\/192.168.40.27\/wp-content\/uploads\/2021\/03\/2021-02-22-060121924-241x300.jpg\" alt=\"\" width=\"241\" height=\"300\" srcset=\"http:\/\/sp.uchanie.pl\/wp-content\/uploads\/2021\/03\/2021-02-22-060121924-241x300.jpg 241w, http:\/\/sp.uchanie.pl\/wp-content\/uploads\/2021\/03\/2021-02-22-060121924-768x957.jpg 768w, http:\/\/sp.uchanie.pl\/wp-content\/uploads\/2021\/03\/2021-02-22-060121924-822x1024.jpg 822w, http:\/\/sp.uchanie.pl\/wp-content\/uploads\/2021\/03\/2021-02-22-060121924-624x777.jpg 624w\" sizes=\"auto, (max-width: 241px) 100vw, 241px\" \/><\/p>\n<p>&nbsp;<\/p>\n<p>Grudzie\u0144<\/p>\n<p>Ozdoba choinkowa z surowc\u00f3w wt\u00f3rnych z tym zadaniem r\u00f3wnie\u017c zmierzy\u0142o si\u0119 kilku uczni\u00f3w;<\/p>\n<p><img loading=\"lazy\" decoding=\"async\" class=\"alignnone wp-image-8791 size-medium\" src=\"http:\/\/192.168.40.27\/wp-content\/uploads\/2021\/03\/IMG_20201221_171629-140x300.jpg\" alt=\"\" width=\"140\" height=\"300\" srcset=\"http:\/\/sp.uchanie.pl\/wp-content\/uploads\/2021\/03\/IMG_20201221_171629-140x300.jpg 140w, http:\/\/sp.uchanie.pl\/wp-content\/uploads\/2021\/03\/IMG_20201221_171629-768x1641.jpg 768w, http:\/\/sp.uchanie.pl\/wp-content\/uploads\/2021\/03\/IMG_20201221_171629-479x1024.jpg 479w, http:\/\/sp.uchanie.pl\/wp-content\/uploads\/2021\/03\/IMG_20201221_171629-624x1333.jpg 624w, http:\/\/sp.uchanie.pl\/wp-content\/uploads\/2021\/03\/IMG_20201221_171629.jpg 1872w\" sizes=\"auto, (max-width: 140px) 100vw, 140px\" \/><\/p>\n<p><img loading=\"lazy\" decoding=\"async\" class=\"alignnone wp-image-8792 size-medium\" src=\"http:\/\/192.168.40.27\/wp-content\/uploads\/2021\/03\/133834498_397921364624579_2275845089086336848_n-225x300.jpg\" alt=\"\" width=\"225\" height=\"300\" srcset=\"http:\/\/sp.uchanie.pl\/wp-content\/uploads\/2021\/03\/133834498_397921364624579_2275845089086336848_n-225x300.jpg 225w, http:\/\/sp.uchanie.pl\/wp-content\/uploads\/2021\/03\/133834498_397921364624579_2275845089086336848_n.jpg 600w\" sizes=\"auto, (max-width: 225px) 100vw, 225px\" \/><\/p>\n<p><img loading=\"lazy\" decoding=\"async\" class=\"alignnone wp-image-8793 size-medium\" src=\"http:\/\/192.168.40.27\/wp-content\/uploads\/2021\/03\/IMG_20210114_122518-225x300.jpg\" alt=\"\" width=\"225\" height=\"300\" srcset=\"http:\/\/sp.uchanie.pl\/wp-content\/uploads\/2021\/03\/IMG_20210114_122518-225x300.jpg 225w, http:\/\/sp.uchanie.pl\/wp-content\/uploads\/2021\/03\/IMG_20210114_122518.jpg 600w\" sizes=\"auto, (max-width: 225px) 100vw, 225px\" \/><\/p>\n<p><img loading=\"lazy\" decoding=\"async\" class=\"alignnone wp-image-8794 size-medium\" src=\"http:\/\/192.168.40.27\/wp-content\/uploads\/2021\/03\/IMG_20210117_173643-225x300.jpg\" alt=\"\" width=\"225\" height=\"300\" srcset=\"http:\/\/sp.uchanie.pl\/wp-content\/uploads\/2021\/03\/IMG_20210117_173643-225x300.jpg 225w, http:\/\/sp.uchanie.pl\/wp-content\/uploads\/2021\/03\/IMG_20210117_173643-768x1024.jpg 768w, http:\/\/sp.uchanie.pl\/wp-content\/uploads\/2021\/03\/IMG_20210117_173643-624x832.jpg 624w, http:\/\/sp.uchanie.pl\/wp-content\/uploads\/2021\/03\/IMG_20210117_173643.jpg 800w\" sizes=\"auto, (max-width: 225px) 100vw, 225px\" \/><\/p>\n<p>&nbsp;<\/p>\n<p>Stycze\u0144<\/p>\n<p>W styczniu uczniowie tworzyli noworoczne postanowienia dotycz\u0105ce segregacji i ochrony \u015brodowiska<\/p>\n<p><img loading=\"lazy\" decoding=\"async\" class=\"alignnone wp-image-8795 size-medium\" src=\"http:\/\/192.168.40.27\/wp-content\/uploads\/2021\/03\/2021-02-17-090815902-141x300.jpg\" alt=\"\" width=\"141\" height=\"300\" srcset=\"http:\/\/sp.uchanie.pl\/wp-content\/uploads\/2021\/03\/2021-02-17-090815902-141x300.jpg 141w, http:\/\/sp.uchanie.pl\/wp-content\/uploads\/2021\/03\/2021-02-17-090815902-768x1629.jpg 768w, http:\/\/sp.uchanie.pl\/wp-content\/uploads\/2021\/03\/2021-02-17-090815902-483x1024.jpg 483w, http:\/\/sp.uchanie.pl\/wp-content\/uploads\/2021\/03\/2021-02-17-090815902-624x1323.jpg 624w, http:\/\/sp.uchanie.pl\/wp-content\/uploads\/2021\/03\/2021-02-17-090815902.jpg 1277w\" sizes=\"auto, (max-width: 141px) 100vw, 141px\" \/><\/p>\n<p>&nbsp;<\/p>\n<p>Luty<\/p>\n<p>Tym razem znowu rebusy, niekt\u00f3re z nich uda\u0142o si\u0119 zilustrowa\u0107.<\/p>\n<p><img loading=\"lazy\" decoding=\"async\" class=\"alignnone wp-image-8796 size-medium\" src=\"http:\/\/192.168.40.27\/wp-content\/uploads\/2021\/03\/IMG_20210316_075522-225x300.jpeg\" alt=\"\" width=\"225\" height=\"300\" srcset=\"http:\/\/sp.uchanie.pl\/wp-content\/uploads\/2021\/03\/IMG_20210316_075522-225x300.jpeg 225w, http:\/\/sp.uchanie.pl\/wp-content\/uploads\/2021\/03\/IMG_20210316_075522.jpeg 600w\" sizes=\"auto, (max-width: 225px) 100vw, 225px\" \/><\/p>\n<p>&nbsp;<\/p>\n<p><img loading=\"lazy\" decoding=\"async\" class=\"alignnone wp-image-8797 size-medium\" src=\"http:\/\/192.168.40.27\/wp-content\/uploads\/2021\/03\/IMG_20210316_075707-225x300.jpeg\" alt=\"\" width=\"225\" height=\"300\" srcset=\"http:\/\/sp.uchanie.pl\/wp-content\/uploads\/2021\/03\/IMG_20210316_075707-225x300.jpeg 225w, http:\/\/sp.uchanie.pl\/wp-content\/uploads\/2021\/03\/IMG_20210316_075707.jpeg 600w\" sizes=\"auto, (max-width: 225px) 100vw, 225px\" \/><\/p>\n<p>&nbsp;<\/p>\n<p><img loading=\"lazy\" decoding=\"async\" class=\"alignnone wp-image-8798 size-medium\" src=\"http:\/\/192.168.40.27\/wp-content\/uploads\/2021\/03\/20210316_211156-216x300.jpeg\" alt=\"\" width=\"216\" height=\"300\" srcset=\"http:\/\/sp.uchanie.pl\/wp-content\/uploads\/2021\/03\/20210316_211156-216x300.jpeg 216w, http:\/\/sp.uchanie.pl\/wp-content\/uploads\/2021\/03\/20210316_211156.jpeg 576w\" sizes=\"auto, (max-width: 216px) 100vw, 216px\" \/><\/p>\n<p>&nbsp;<\/p>\n<p><img loading=\"lazy\" decoding=\"async\" class=\"alignnone wp-image-8799 size-medium\" src=\"http:\/\/192.168.40.27\/wp-content\/uploads\/2021\/03\/2021-03-16-085947001-225x300.jpeg\" alt=\"\" width=\"225\" height=\"300\" srcset=\"http:\/\/sp.uchanie.pl\/wp-content\/uploads\/2021\/03\/2021-03-16-085947001-225x300.jpeg 225w, http:\/\/sp.uchanie.pl\/wp-content\/uploads\/2021\/03\/2021-03-16-085947001.jpeg 600w\" sizes=\"auto, (max-width: 225px) 100vw, 225px\" \/><\/p>\n<p>&nbsp;<\/p>\n<p>Lapbook konkursowy<\/p>\n<p>Nasz konkursowy Lapbook wykonany przez klasy I &#8211; III zawiera schemat procesu recyklingu butelek PET i zasady segregacji tych butelek oraz innych odpad\u00f3w.S\u0105 w nim rebusy, krzy\u017c\u00f3wka, rymowanki oraz propozycje na &#8222;drugie \u017cycie plastiku&#8221;. Lapbookowi przy\u015bwieca has\u0142o:&#8221;Gdy odpady segregujesz nasz\u0105 Ziemi\u0119 uradujesz&#8221;.<\/p>\n<p><img loading=\"lazy\" decoding=\"async\" class=\"alignnone wp-image-9052 size-large\" src=\"http:\/\/192.168.40.27\/wp-content\/uploads\/2021\/05\/IMG_20210512_120955-1024x768.jpeg\" alt=\"\" width=\"625\" height=\"469\" srcset=\"http:\/\/sp.uchanie.pl\/wp-content\/uploads\/2021\/05\/IMG_20210512_120955-1024x768.jpeg 1024w, http:\/\/sp.uchanie.pl\/wp-content\/uploads\/2021\/05\/IMG_20210512_120955-300x225.jpeg 300w, http:\/\/sp.uchanie.pl\/wp-content\/uploads\/2021\/05\/IMG_20210512_120955-768x576.jpeg 768w, http:\/\/sp.uchanie.pl\/wp-content\/uploads\/2021\/05\/IMG_20210512_120955-624x468.jpeg 624w, http:\/\/sp.uchanie.pl\/wp-content\/uploads\/2021\/05\/IMG_20210512_120955-240x180.jpeg 240w\" sizes=\"auto, (max-width: 625px) 100vw, 625px\" \/><\/p>\n<p>&nbsp;<\/p>\n<div id=\"attachment_9054\" style=\"width: 635px\" class=\"wp-caption alignnone\"><img loading=\"lazy\" decoding=\"async\" aria-describedby=\"caption-attachment-9054\" class=\"wp-image-9054 size-large\" src=\"http:\/\/192.168.40.27\/wp-content\/uploads\/2021\/05\/lapbook-1024x498.jpeg\" alt=\"\" width=\"625\" height=\"304\" srcset=\"http:\/\/sp.uchanie.pl\/wp-content\/uploads\/2021\/05\/lapbook-1024x498.jpeg 1024w, http:\/\/sp.uchanie.pl\/wp-content\/uploads\/2021\/05\/lapbook-300x146.jpeg 300w, http:\/\/sp.uchanie.pl\/wp-content\/uploads\/2021\/05\/lapbook-768x374.jpeg 768w, http:\/\/sp.uchanie.pl\/wp-content\/uploads\/2021\/05\/lapbook-624x304.jpeg 624w\" sizes=\"auto, (max-width: 625px) 100vw, 625px\" \/><p id=\"caption-attachment-9054\" class=\"wp-caption-text\">Processed with VSCO with preset<\/p><\/div>\n<p><img loading=\"lazy\" decoding=\"async\" class=\"alignnone wp-image-9053 size-large\" src=\"http:\/\/192.168.40.27\/wp-content\/uploads\/2021\/05\/IMG_20210512_121006-1024x768.jpeg\" alt=\"\" width=\"625\" height=\"469\" srcset=\"http:\/\/sp.uchanie.pl\/wp-content\/uploads\/2021\/05\/IMG_20210512_121006-1024x768.jpeg 1024w, http:\/\/sp.uchanie.pl\/wp-content\/uploads\/2021\/05\/IMG_20210512_121006-300x225.jpeg 300w, http:\/\/sp.uchanie.pl\/wp-content\/uploads\/2021\/05\/IMG_20210512_121006-768x576.jpeg 768w, http:\/\/sp.uchanie.pl\/wp-content\/uploads\/2021\/05\/IMG_20210512_121006-624x468.jpeg 624w, http:\/\/sp.uchanie.pl\/wp-content\/uploads\/2021\/05\/IMG_20210512_121006-240x180.jpeg 240w\" sizes=\"auto, (max-width: 625px) 100vw, 625px\" \/><\/p>\n","protected":false},"excerpt":{"rendered":"<p>Dzia\u0142aj z IMPetem We wrze\u015bniu nasza szko\u0142a przyst\u0105pi\u0142a do projektu &#8222;Dzia\u0142aj z imPETem&#8221;. Bior\u0105 w nim udzia\u0142 uczniowie klas I &#8211; III. Na pocz\u0105tku uczniowie zostali zapoznani z projektem, utworzona&#8230; <a href=\"http:\/\/sp.uchanie.pl\/index.php\/projekty\/dzialaj-z-impetem\/\">Read more &raquo;<\/a><\/p>\n","protected":false},"author":1,"featured_media":0,"parent":8421,"menu_order":0,"comment_status":"closed","ping_status":"closed","template":"","meta":{"footnotes":""},"class_list":["post-8433","page","type-page","status-publish","hentry"],"_links":{"self":[{"href":"http:\/\/sp.uchanie.pl\/index.php\/wp-json\/wp\/v2\/pages\/8433","targetHints":{"allow":["GET"]}}],"collection":[{"href":"http:\/\/sp.uchanie.pl\/index.php\/wp-json\/wp\/v2\/pages"}],"about":[{"href":"http:\/\/sp.uchanie.pl\/index.php\/wp-json\/wp\/v2\/types\/page"}],"author":[{"embeddable":true,"href":"http:\/\/sp.uchanie.pl\/index.php\/wp-json\/wp\/v2\/users\/1"}],"replies":[{"embeddable":true,"href":"http:\/\/sp.uchanie.pl\/index.php\/wp-json\/wp\/v2\/comments?post=8433"}],"version-history":[{"count":8,"href":"http:\/\/sp.uchanie.pl\/index.php\/wp-json\/wp\/v2\/pages\/8433\/revisions"}],"predecessor-version":[{"id":13841,"href":"http:\/\/sp.uchanie.pl\/index.php\/wp-json\/wp\/v2\/pages\/8433\/revisions\/13841"}],"up":[{"embeddable":true,"href":"http:\/\/sp.uchanie.pl\/index.php\/wp-json\/wp\/v2\/pages\/8421"}],"wp:attachment":[{"href":"http:\/\/sp.uchanie.pl\/index.php\/wp-json\/wp\/v2\/media?parent=8433"}],"curies":[{"name":"wp","href":"https:\/\/api.w.org\/{rel}","templated":true}]}}