{"id":8429,"date":"2021-02-14T16:07:14","date_gmt":"2021-02-14T15:07:14","guid":{"rendered":"http:\/\/79.190.195.46\/?page_id=8429"},"modified":"2021-06-23T15:08:50","modified_gmt":"2021-06-23T13:08:50","slug":"maratonczyk","status":"publish","type":"page","link":"http:\/\/sp.uchanie.pl\/index.php\/projekty\/innowacje-pedagogiczne\/maratonczyk\/","title":{"rendered":"Marato\u0144czyk"},"content":{"rendered":"<h1 style=\"text-align: center;\">Marato\u0144czyk<\/h1>\n<h1 style=\"text-align: center;\"><img loading=\"lazy\" decoding=\"async\" class=\"alignnone size-medium wp-image-8861\" src=\"http:\/\/79.190.195.46\/wp-content\/uploads\/2021\/04\/images-3-300x158.jpg\" alt=\"\" width=\"300\" height=\"158\" srcset=\"http:\/\/sp.uchanie.pl\/wp-content\/uploads\/2021\/04\/images-3-300x158.jpg 300w, http:\/\/sp.uchanie.pl\/wp-content\/uploads\/2021\/04\/images-3.jpg 309w\" sizes=\"auto, (max-width: 300px) 100vw, 300px\" \/><\/h1>\n<p style=\"text-align: center;\"><strong style=\"text-align: center;\">Innowacja pedagogiczna \u201eMarato\u0144czyk\u201d<\/strong><\/p>\n<p>Z dniem 31 maja zako\u0144czyli\u015bmy realizacj\u0119 innowacji pedagogicznej.<\/p>\n<p><span style=\"font-weight: 400;\">Pi\u0119ciu uczestnik\u00f3w otrzyma nagrody za najlepsze wyniki w realizacji innowacji pedagogicznej:<\/span><\/p>\n<p><span style=\"font-weight: 400;\">Natalia Puczkowska- 880,31km<\/span><\/p>\n<p><span style=\"font-weight: 400;\">Magdalena Wolanin- 727,4 km<\/span><\/p>\n<p><span style=\"font-weight: 400;\">Pawe\u0142 Jonak- 453,6 km<\/span><\/p>\n<p><span style=\"font-weight: 400;\">Maja J\u0119druszczak- 431,15 km<\/span><\/p>\n<p><span style=\"font-weight: 400;\">Agata Rymarz- 256,36 km.<\/span><\/p>\n<p><span style=\"font-weight: 400;\">Realizuj\u0105c dzia\u0142anie, uczniowie przesy\u0142ali mi zdj\u0119cia ze swoich urz\u0105dze\u0144 mierniczych, m.in.<\/span><span style=\"font-weight: 400;\"><br \/>\n<\/span><span style=\"font-weight: 400;\"> ze smartwatch\u00f3w, telefon\u00f3w, codzienne wyniki pokonanych kilometr\u00f3w.<\/span><\/p>\n<p><span style=\"font-weight: 400;\">Po ka\u017cdym miesi\u0105cu ich wyniki prezentowane na stronie szko\u0142y w zak\u0142adce: innowacje pedagogiczne, jak r\u00f3wnie\u017c na tablicy og\u0142osze\u0144 przy sali gimnastycznej.<\/span><\/p>\n<p><span style=\"font-weight: 400;\">Co miesi\u0105c uczniowie dzielili si\u0119 swoimi wra\u017ceniami, dotycz\u0105cymi realizacji innowacji.<\/span><\/p>\n<p><span style=\"font-weight: 400;\">Rywalizacja kilkukrotnie zwi\u0119kszy\u0142a ich aktywno\u015b\u0107 do biegania.\u00a0<\/span><\/p>\n<p><span style=\"font-weight: 400;\">Po zako\u0144czeniu innowacji uczniowie wype\u0142nili ankiet\u0119 ewaluacyjn\u0105.<\/span><\/p>\n<p>Wszystkim uczestnikom dzi\u0119kuj\u0119 za podj\u0119cie si\u0119 wyzwania i gratuluj\u0119 \u015bwietnych wynik\u00f3w.<\/p>\n<p>Inicjator innowacji<\/p>\n<p>Aneta Jaroszy\u0144ska<\/p>\n<p><strong style=\"font-size: 1rem;\">\u00a0 \u00a0 \u00a0 \u00a0 \u00a0 \u00a0 \u00a0 \u00a0 \u00a0 \u00a0 \u00a0 \u00a0 \u00a0 \u00a0 \u00a0 \u00a0 \u00a0 \u00a0 \u00a0 \u00a0 \u00a0 \u00a0<img loading=\"lazy\" decoding=\"async\" class=\"alignnone size-full wp-image-9308\" src=\"http:\/\/79.190.195.46\/wp-content\/uploads\/2021\/06\/images.png\" alt=\"\" width=\"260\" height=\"157\" \/><\/strong><\/p>\n<hr \/>\n<p><strong>Ma<\/strong><strong>rato\u0144czykiem <span style=\"color: #666699;\">Maja<\/span> w\u015br\u00f3d ch\u0142opc\u00f3w zosta\u0142<\/strong><\/p>\n<p><strong><em><u>PAWE\u0141 JONAK<\/u><\/em><\/strong><\/p>\n<p><strong>z wynikiem <span style=\"color: #666699;\"><span style=\"color: #ff6600;\">115,55 <\/span><\/span>km.<\/strong><\/p>\n<p>&nbsp;<\/p>\n<p><strong>Marato\u0144czykiem <span style=\"color: #666699;\">Maja<\/span> \u00a0w\u015br\u00f3d dziewcz\u0105t zosta\u0142a<\/strong><\/p>\n<p><strong><em><u>NATALIA PUCZKOWSKA<\/u><\/em><\/strong><\/p>\n<p><strong>z wynikiem <span style=\"color: #666699;\">274,9<\/span><span style=\"color: #800080;\">\u00a0<span style=\"color: #333333;\">km<\/span>.<\/span><\/strong><\/p>\n<p>Na kolejnym miejscu znalaz\u0142a si\u0119 Magdalena Wolanin z wynikiem 203,8 km, Maja J\u0119druszczak 185 km oraz Agata Rymarz z wynikiem 83,3 km.<\/p>\n<p>&nbsp;<\/p>\n<hr \/>\n<p><strong>Ma<\/strong><strong>rato\u0144czykiem <span style=\"color: #ff6600;\">Kwietnia<\/span> w\u015br\u00f3d ch\u0142opc\u00f3w zosta\u0142<\/strong><\/p>\n<p><strong><em><u>PAWE\u0141 JONAK<\/u><\/em><\/strong><\/p>\n<p><strong>z wynikiem <span style=\"color: #ff6600;\">144,89<\/span>\u00a0km.<\/strong><\/p>\n<p>&nbsp;<\/p>\n<p><strong>Marato\u0144czykiem <span style=\"color: #ff6600;\">Kwietnia<\/span> \u00a0w\u015br\u00f3d dziewcz\u0105t zosta\u0142a<\/strong><\/p>\n<p><strong><em><u>NATALIA PUCZKOWSKA<\/u><\/em><\/strong><\/p>\n<p><strong>z wynikiem <span style=\"color: #800080;\"><span style=\"color: #ff6600;\">282,3<\/span> <span style=\"color: #333333;\">km<\/span>.<\/span><\/strong><\/p>\n<p>Na kolejnym miejscu znalaz\u0142a si\u0119 Magdalena Wolanin z wynikiem 258,3 km, Maja J\u0119druszczak 131,7 km.\u00a0 W\u015br\u00f3d ch\u0142opc\u00f3w by\u0142 to Piotr Rymarz z wynikiem 64,4 km.<\/p>\n<p><strong>Ma<\/strong><strong>rato\u0144czykiem <span style=\"color: #800080;\">Marca<\/span> w\u015br\u00f3d ch\u0142opc\u00f3w zosta\u0142<\/strong><\/p>\n<p><strong><em><u>PAWE\u0141 JONAK<\/u><\/em><\/strong><\/p>\n<p><strong>z wynikiem <span style=\"color: #800080;\">128,86<\/span> km.<\/strong><\/p>\n<p>&nbsp;<\/p>\n<p><strong>Marato\u0144czykiem <span style=\"color: #800080;\">Marca<\/span> w\u015br\u00f3d dziewcz\u0105t zosta\u0142a<\/strong><\/p>\n<p><strong><em><u>NATALIA PUCZKOWSKA<\/u><\/em><\/strong><\/p>\n<p><strong>z wynikiem <span style=\"color: #800080;\">256,3 <span style=\"color: #333333;\">km<\/span>.<\/span><\/strong><\/p>\n<p><img loading=\"lazy\" decoding=\"async\" class=\"alignnone wp-image-8937\" src=\"http:\/\/79.190.195.46\/wp-content\/uploads\/2021\/04\/178843325_551628192472521_17332646394853010_n-225x300.jpg\" alt=\"\" width=\"196\" height=\"261\" srcset=\"http:\/\/sp.uchanie.pl\/wp-content\/uploads\/2021\/04\/178843325_551628192472521_17332646394853010_n-225x300.jpg 225w, http:\/\/sp.uchanie.pl\/wp-content\/uploads\/2021\/04\/178843325_551628192472521_17332646394853010_n-768x1024.jpg 768w, http:\/\/sp.uchanie.pl\/wp-content\/uploads\/2021\/04\/178843325_551628192472521_17332646394853010_n-624x832.jpg 624w, http:\/\/sp.uchanie.pl\/wp-content\/uploads\/2021\/04\/178843325_551628192472521_17332646394853010_n.jpg 1512w\" sizes=\"auto, (max-width: 196px) 100vw, 196px\" \/><\/p>\n<p>Na kolejnym miejscu znalaz\u0142a si\u0119 Magdalena Wolanin z wynikiem 200,3 km, w\u015br\u00f3d ch\u0142opc\u00f3w by\u0142 to Piotr Rymarz z wynikiem 66,8 km.<\/p>\n<hr \/>\n<p><strong>Ma<\/strong><strong>rato\u0144czykiem <span style=\"color: #0000ff;\">Lutego<\/span> w\u015br\u00f3d ch\u0142opc\u00f3w zosta\u0142<\/strong><\/p>\n<p><strong><em><u>PAWE\u0141 JONAK<\/u><\/em><\/strong><\/p>\n<p><strong>z wynikiem <span style=\"color: #0000ff;\">64,3<\/span> km.<\/strong><\/p>\n<p><strong>\u00a0<\/strong><strong>Marato\u0144czykiem <span style=\"color: #0000ff;\">Lutego<\/span> w\u015br\u00f3d dziewcz\u0105t zosta\u0142a<\/strong><\/p>\n<p><strong><em><u>NATALIA PUCZKOWSKA<\/u><\/em><\/strong><\/p>\n<p><strong>z wynikiem <span style=\"color: #0000ff;\">66,81<\/span> km.<\/strong><\/p>\n<p><img loading=\"lazy\" decoding=\"async\" class=\"alignnone wp-image-8936\" src=\"http:\/\/79.190.195.46\/wp-content\/uploads\/2021\/04\/180640124_573216790310862_9136495957666686644_n-225x300.jpg\" alt=\"\" width=\"198\" height=\"264\" srcset=\"http:\/\/sp.uchanie.pl\/wp-content\/uploads\/2021\/04\/180640124_573216790310862_9136495957666686644_n-225x300.jpg 225w, http:\/\/sp.uchanie.pl\/wp-content\/uploads\/2021\/04\/180640124_573216790310862_9136495957666686644_n-768x1024.jpg 768w, http:\/\/sp.uchanie.pl\/wp-content\/uploads\/2021\/04\/180640124_573216790310862_9136495957666686644_n-624x832.jpg 624w, http:\/\/sp.uchanie.pl\/wp-content\/uploads\/2021\/04\/180640124_573216790310862_9136495957666686644_n.jpg 1512w\" sizes=\"auto, (max-width: 198px) 100vw, 198px\" \/><\/p>\n<p><strong>Innowacja pedagogiczna \u201eMarato\u0144czyk\u201d<\/strong><\/p>\n<p>Inspiracj\u0105 do wprowadzenia innowacji pedagogicznej w klasie IV i V \u00a0jest du\u017ce zainteresowanie dzieci nowymi technologiami multimedialnymi, sposobem ich wykorzystywania w sporcie, podniesieniem w\u0142asnej kondycji fizycznej, ch\u0119\u0107 rywalizacji i sprawdzenia w\u0142asnych mo\u017cliwo\u015bci fizycznych.<\/p>\n<p>B\u0119dzie polega\u0142a na podj\u0119ciu przez ch\u0119tnych uczni\u00f3w, samodzielnego treningu biegowego monitorowanego przez wybran\u0105 aplikacj\u0119 mierz\u0105c\u0105 aktywno\u015b\u0107 ucznia w czasie wolnym od zaj\u0119\u0107 lekcyjnych. Uczestnikami s\u0105 uczniowie klas IV i V szko\u0142y podstawowej.<\/p>\n<p>Nauczyciel b\u0119dzie kontrolowa\u0142 osi\u0105gni\u0119te wyniki poprzez cotygodniowy zapis przedstawiony w aplikacji. Przebyty przez ucznia dystans b\u0119dzie naniesiony na kart\u0119 monitoruj\u0105c\u0105 ucznia znajduj\u0105c\u0105 si\u0119 w dokumentacji nauczyciela.<\/p>\n<p>Najlepsze comiesi\u0119czne wyniki w szkole w kategorii dziewcz\u0105t i ch\u0142opc\u00f3w b\u0119d\u0105 wywieszone na specjalnej og\u00f3lnodost\u0119pnej tablicy informacyjnej znajduj\u0105cej si\u0119 w szkole jak i na stronie szko\u0142y w zak\u0142adce innowacje pedagogiczne.<\/p>\n<p>W czerwcu zostanie wy\u0142oniony ucze\u0144 z najlepszym wynikiem, za kt\u00f3ry otrzyma medal.<\/p>\n<p><img loading=\"lazy\" decoding=\"async\" class=\"alignnone size-medium wp-image-8938\" src=\"http:\/\/79.190.195.46\/wp-content\/uploads\/2021\/04\/179195489_174349604561367_2138369680607172980_n-153x300.jpg\" alt=\"\" width=\"153\" height=\"300\" srcset=\"http:\/\/sp.uchanie.pl\/wp-content\/uploads\/2021\/04\/179195489_174349604561367_2138369680607172980_n-153x300.jpg 153w, http:\/\/sp.uchanie.pl\/wp-content\/uploads\/2021\/04\/179195489_174349604561367_2138369680607172980_n-768x1502.jpg 768w, http:\/\/sp.uchanie.pl\/wp-content\/uploads\/2021\/04\/179195489_174349604561367_2138369680607172980_n-524x1024.jpg 524w, http:\/\/sp.uchanie.pl\/wp-content\/uploads\/2021\/04\/179195489_174349604561367_2138369680607172980_n-624x1220.jpg 624w, http:\/\/sp.uchanie.pl\/wp-content\/uploads\/2021\/04\/179195489_174349604561367_2138369680607172980_n.jpg 982w\" sizes=\"auto, (max-width: 153px) 100vw, 153px\" \/><img loading=\"lazy\" decoding=\"async\" class=\"alignnone size-medium wp-image-8939\" src=\"http:\/\/79.190.195.46\/wp-content\/uploads\/2021\/04\/173239096_292574672423465_139171079719003847_n-1-225x300.jpg\" alt=\"\" width=\"225\" height=\"300\" srcset=\"http:\/\/sp.uchanie.pl\/wp-content\/uploads\/2021\/04\/173239096_292574672423465_139171079719003847_n-1-225x300.jpg 225w, http:\/\/sp.uchanie.pl\/wp-content\/uploads\/2021\/04\/173239096_292574672423465_139171079719003847_n-1-768x1024.jpg 768w, http:\/\/sp.uchanie.pl\/wp-content\/uploads\/2021\/04\/173239096_292574672423465_139171079719003847_n-1-624x832.jpg 624w\" sizes=\"auto, (max-width: 225px) 100vw, 225px\" \/><\/p>\n","protected":false},"excerpt":{"rendered":"<p>Marato\u0144czyk Innowacja pedagogiczna \u201eMarato\u0144czyk\u201d Z dniem 31 maja zako\u0144czyli\u015bmy realizacj\u0119 innowacji pedagogicznej. Pi\u0119ciu uczestnik\u00f3w otrzyma nagrody za najlepsze wyniki w realizacji innowacji pedagogicznej: Natalia Puczkowska- 880,31km Magdalena Wolanin- 727,4 km&#8230; <a href=\"http:\/\/sp.uchanie.pl\/index.php\/projekty\/innowacje-pedagogiczne\/maratonczyk\/\">Read more &raquo;<\/a><\/p>\n","protected":false},"author":1,"featured_media":0,"parent":8427,"menu_order":0,"comment_status":"closed","ping_status":"closed","template":"","meta":{"footnotes":""},"class_list":["post-8429","page","type-page","status-publish","hentry"],"_links":{"self":[{"href":"http:\/\/sp.uchanie.pl\/index.php\/wp-json\/wp\/v2\/pages\/8429","targetHints":{"allow":["GET"]}}],"collection":[{"href":"http:\/\/sp.uchanie.pl\/index.php\/wp-json\/wp\/v2\/pages"}],"about":[{"href":"http:\/\/sp.uchanie.pl\/index.php\/wp-json\/wp\/v2\/types\/page"}],"author":[{"embeddable":true,"href":"http:\/\/sp.uchanie.pl\/index.php\/wp-json\/wp\/v2\/users\/1"}],"replies":[{"embeddable":true,"href":"http:\/\/sp.uchanie.pl\/index.php\/wp-json\/wp\/v2\/comments?post=8429"}],"version-history":[{"count":11,"href":"http:\/\/sp.uchanie.pl\/index.php\/wp-json\/wp\/v2\/pages\/8429\/revisions"}],"predecessor-version":[{"id":9309,"href":"http:\/\/sp.uchanie.pl\/index.php\/wp-json\/wp\/v2\/pages\/8429\/revisions\/9309"}],"up":[{"embeddable":true,"href":"http:\/\/sp.uchanie.pl\/index.php\/wp-json\/wp\/v2\/pages\/8427"}],"wp:attachment":[{"href":"http:\/\/sp.uchanie.pl\/index.php\/wp-json\/wp\/v2\/media?parent=8429"}],"curies":[{"name":"wp","href":"https:\/\/api.w.org\/{rel}","templated":true}]}}