{"id":7840,"date":"2020-09-22T21:09:40","date_gmt":"2020-09-22T19:09:40","guid":{"rendered":"http:\/\/79.190.195.46\/?page_id=7840"},"modified":"2026-03-30T12:40:39","modified_gmt":"2026-03-30T10:40:39","slug":"deklaracja-dostepnosci","status":"publish","type":"page","link":"http:\/\/sp.uchanie.pl\/index.php\/deklaracja-dostepnosci\/","title":{"rendered":"Deklaracja dost\u0119pno\u015bci"},"content":{"rendered":"<p align=\"center\"><span style=\"font-family: TimesNewRomanPS;\"><span style=\"font-size: x-large;\"><b>Raport o stanie zapewnienia dost\u0119pno\u015bci<\/b><\/span><\/span><\/p>\n<p style=\"text-align: left;\" align=\"center\"><a href=\"http:\/\/sp.uchanie.pl\/wp-content\/uploads\/2025\/03\/Raport-o-stanie-zapewnienia-doste\u0328pnos\u0301ci-SP.pdf\">Raport o stanie zapewnienia doste\u0328pnos\u0301ci SP<\/a><\/p>\n<p style=\"text-align: left;\" align=\"center\"><a href=\"http:\/\/185.172.208.196\/wp-content\/uploads\/2021\/03\/SKMBT_C28421033012490-2.zip\">Raport o stanie zapewnienia dost\u0119pno\u015bci Punkt Przedszkolny<\/a><\/p>\n<p style=\"text-align: left;\" align=\"center\"><a href=\"http:\/\/sp.uchanie.pl\/wp-content\/uploads\/2026\/03\/20260330124011243-1.pdf\">Raport o stanie\u00a0 zapewnienia dost\u0119pno\u015bci 2025<\/a><\/p>\n<p style=\"text-align: center;\" align=\"center\"><span style=\"font-family: TimesNewRomanPS;\"><span style=\"font-size: x-large;\"><b>Deklaracja Doste\u0328pnos\u0301ci <\/b><\/span><\/span><\/p>\n<p><span style=\"font-family: TimesNewRomanPSMT;\"><span style=\"font-size: large;\">Szko\u0142a Podstawowa im. Papie\u017ca Jana Paw\u0142a II w <\/span><\/span><span style=\"font-family: TimesNewRomanPSMT;\"><span style=\"font-size: large;\">Uchani<\/span><\/span><span style=\"font-family: TimesNewRomanPSMT;\"><span style=\"font-size: large;\">ach<\/span><\/span><span style=\"font-family: TimesNewRomanPSMT;\"><span style=\"font-size: large;\"> zobowia\u0328zuje sie\u0328 zapewnic\u0301 doste\u0328pnos\u0301c\u0301 strony internetowej <\/span><\/span><a href=\"http:\/\/185.172.208.196\"><span style=\"color: #000000;\"><span style=\"font-family: TimesNewRomanPSMT;\"><span style=\"font-size: large;\">http:\/\/<\/span><\/span><\/span><span style=\"color: #000000;\"><span style=\"font-family: TimesNewRomanPSMT;\"><span style=\"font-size: large;\">sp.<\/span><\/span><\/span><span style=\"color: #000000;\"><span style=\"font-family: TimesNewRomanPSMT;\"><span style=\"font-size: large;\">uchanie.pl<\/span><\/span><\/span><\/a><span style=\"color: #0000ff;\"><span style=\"font-family: TimesNewRomanPSMT;\"><span style=\"font-size: large;\"><br \/>\n<\/span><\/span><\/span><span style=\"font-family: TimesNewRomanPSMT;\"><span style=\"font-size: large;\">zgodnie z ustawa\u0328 z dnia 4 kwietnia 2019 r. o doste\u0328pnos\u0301ci cyfrowej stron internetowych i aplikacji mobilnych podmioto\u0301w publicznych. <\/span><\/span><\/p>\n<p><span style=\"font-family: TimesNewRomanPSMT;\"><span style=\"font-size: large;\">Data publikacji strony internetowej: 2010 \u2013 04 &#8211; 09. <\/span><\/span><\/p>\n<p><span style=\"font-family: TimesNewRomanPSMT;\"><span style=\"font-size: large;\">Data ostatniej duz\u0307ej aktualizacji: 2025<\/span><\/span><span style=\"font-family: TimesNewRomanPSMT;\"><span style=\"font-size: large;\">\u00a0\u2013<\/span><\/span><span style=\"font-family: TimesNewRomanPSMT;\"><span style=\"font-size: large;\"> 01<\/span><\/span><span style=\"font-family: TimesNewRomanPSMT;\"><span style=\"font-size: large;\"> &#8211; 28<\/span><\/span><span style=\"font-family: TimesNewRomanPSMT;\"><span style=\"font-size: large;\">. <\/span><\/span><\/p>\n<p><span style=\"font-family: TimesNewRomanPSMT;\"><span style=\"font-size: large;\">Strona internetowa jest cze\u0328s\u0301ciowo zgodna z ustawa\u0328 z dnia 4 kwietnia 2019 r.<br \/>\no doste\u0328pnos\u0301ci cyfrowej stron internetowych i aplikacji mobilnych podmioto\u0301w publicznych. <\/span><\/span><\/p>\n<p><span style=\"font-family: TimesNewRomanPSMT;\"><span style=\"font-size: large;\">Kaz\u0307dy ma prawo do wysta\u0328pienia z z\u0307a\u0328daniem zapewnienia doste\u0328pnos\u0301ci cyfrowej strony internetowej, aplikacji mobilnej lub jakiegos\u0301 ich elementu. Moz\u0307na takz\u0307e zaz\u0307a\u0328dac\u0301 udoste\u0328pnienia informacji za pomoca\u0328 alternatywnego sposobu doste\u0328pu, na przyk\u0142ad przez odczytanie niedoste\u0328pnego cyfrowo dokumentu, opisanie zawartos\u0301ci filmu bez audiodeskrypcji itp. Z\u0307a\u0328danie powinno zawierac\u0301 dane osoby zg\u0142aszaja\u0328cej z\u0307a\u0328danie, wskazanie, o kto\u0301ra\u0328 strone\u0328 internetowa\u0328 lub aplikacje\u0328 mobilna\u0328 chodzi oraz sposo\u0301b kontaktu. Jez\u0307eli osoba z\u0307a\u0328daja\u0328ca zg\u0142asza potrzebe\u0328 otrzymania informacji za pomoca\u0328 alternatywnego sposobu doste\u0328pu, powinna takz\u0307e okres\u0301lic\u0301 dogodny dla niej sposo\u0301b przedstawienia tej informacji. Podmiot publiczny powinien zrealizowac\u0301 z\u0307a\u0328danie niezw\u0142ocznie, nie po\u0301z\u0301niej niz\u0307 w cia\u0328gu 7 dni od dnia wysta\u0328pienia z z\u0307a\u0328daniem. Jez\u0307eli dotrzymanie tego terminu nie jest moz\u0307liwe, podmiot publiczny niezw\u0142ocznie informuje o tym wnosza\u0328cego z\u0307a\u0328danie, kiedy realizacja z\u0307a\u0328dania be\u0328dzie moz\u0307liwa, przy czym termin ten nie moz\u0307e byc\u0301 d\u0142uz\u0307szy niz\u0307 2 miesia\u0328ce od dnia wysta\u0328pienia z z\u0307a\u0328daniem. Jez\u0307eli zapewnienie doste\u0328pnos\u0301ci cyfrowej nie jest moz\u0307liwe, podmiot publiczny moz\u0307e zaproponowac\u0301 alternatywny sposo\u0301b doste\u0328pu do informacji. W przypadku, gdy podmiot publiczny odmo\u0301wi realizacji z\u0307a\u0328dania zapewnienia doste\u0328pnos\u0301ci lub alternatywnego sposobu doste\u0328pu do informacji, wnosza\u0328cy z\u0307a\u0328danie moz\u0307ne z\u0142oz\u0307yc\u0301 skarge\u0328 w sprawie zapewniana doste\u0328pnos\u0301ci cyfrowej strony internetowej, aplikacji mobilnej lub elementu strony internetowej, lub aplikacji mobilnej. Po wyczerpaniu wskazanej wyz\u0307ej procedury moz\u0307na takz\u0307e z\u0142oz\u0307yc\u0301 wniosek do Rzecznika Praw Obywatelskich <\/span><\/span>\u2013 <span style=\"font-family: TimesNewRomanPSMT;\"><span style=\"font-size: large;\">link poniz\u0307ej. <\/span><\/span><\/p>\n<p align=\"center\"><span style=\"font-family: TimesNewRomanPS;\"><span style=\"font-size: large;\"><b>Zapewnienie doste\u0328pu dla oso\u0301b ze szczego\u0301lnymi potrzebami.<\/b><\/span><\/span><\/p>\n<p><span style=\"font-family: TimesNewRomanPSMT;\"><span style=\"font-size: large;\">Poniz\u0307ej informacja dla oso\u0301b korzystaja\u0328cych z je\u0328zyka migowego i oso\u0301b z innymi niepe\u0142nosprawnos\u0301ciami <\/span><\/span><\/p>\n<ul>\n<li><span style=\"font-family: TimesNewRomanPSMT;\"><span style=\"font-size: large;\">Ustawa z dnia 19 sierpnia 2011 r. o je\u0328zyku migowym i innych s\u0301rodkach komunikowania sie\u0328. <\/span><\/span><\/li>\n<li><span style=\"font-family: TimesNewRomanPSMT;\"><span style=\"font-size: large;\">Ustawa z dnia 4 kwietnia 2019 r. o doste\u0328pnos\u0301ci cyfrowej stron internetowych i aplikacji mobilnych podmioto\u0301w publicznych. <\/span><\/span><span style=\"font-family: TimesNewRomanPSMT;\"><span style=\"font-size: large;\">Pierwsza Ustawa okres\u0301la zasady korzystania przez osoby uprawnione z pomocy osoby przybranej w kontaktach z organami administracji publicznej, jednostkami systemu, podmiotami leczniczymi, jednostkami Policji, Pan\u0301stwowej Straz\u0307y Poz\u0307arnej i straz\u0307y gminnych oraz jednostkami ochotniczymi dzia\u0142aja\u0328cymi w tych obszarach. <\/span><\/span><span style=\"font-family: TimesNewRomanPSMT;\"><span style=\"font-size: large;\">Druga Ustawa to ustawa o doste\u0328pnos\u0301ci cyfrowej stron internetowych. Szko\u0142a Podstawowa w Uchaniach zobowia\u0328zuje sie\u0328 zapewnic\u0301 doste\u0328pnos\u0301c\u0301 swojej strony internetowej zgodnie z przepisami ustawy z dnia 4 kwietnia 2019 r. o doste\u0328pnos\u0301ci cyfrowej stron internetowych. <\/span><\/span><\/li>\n<\/ul>\n<p style=\"text-align: center;\"><span style=\"font-family: TimesNewRomanPS;\"><span style=\"font-size: x-large;\"><b>Informacja dla uz\u0307ytkowniko\u0301w niepe\u0142nosprawnych <\/b><\/span><\/span><\/p>\n<ul>\n<li><span style=\"font-family: TimesNewRomanPSMT;\"><span style=\"font-size: large;\">Uz\u0307ytkownicy korzystaja\u0328cy wy\u0142a\u0328cznie z klawiatury moga\u0328 swobodnie poruszac\u0301 sie\u0328 po serwisie za pomoca\u0328 klawisza Tab. <\/span><\/span><\/li>\n<li><span style=\"font-family: TimesNewRomanPSMT;\"><span style=\"font-size: large;\">Na stronie internetowej moz\u0307na korzystac\u0301 ze standardowych skro\u0301to\u0301w klawiaturowych. <\/span><\/span><\/li>\n<li><span style=\"font-family: TimesNewRomanPSMT;\"><span style=\"font-size: large;\">Nawigacja jest tez\u0307 przyjazna dla oso\u0301b niedo<\/span><\/span><span style=\"font-family: TimesNewRomanPSMT;\"><span style=\"font-size: large;\">widz\u0105c<\/span><\/span><span style=\"font-family: TimesNewRomanPSMT;\"><span style=\"font-size: large;\">ych dzie\u0328ki unikalnym tytu\u0142om podstron i porza\u0328dkuja\u0328cej funkcji nag\u0142o\u0301wko\u0301w. <\/span><\/span><\/li>\n<li><span style=\"font-family: TimesNewRomanPSMT;\"><span style=\"font-size: large;\">W ca\u0142ym serwisie w\u0142a\u0328czony jest tzw. fokus, czyli domys\u0301lne oznaczenie aktywnego linka . Fokus przemieszcza sie\u0328 po wszystkich widocznych elementach aktywnych strony w logicznej kolejnos\u0301ci \u2013 klawisz TAB. <\/span><\/span><\/li>\n<li><span style=\"font-family: TimesNewRomanPSMT;\"><span style=\"font-size: large;\">Linki <\/span><\/span>\u2013 <span style=\"font-family: TimesNewRomanPSMT;\"><span style=\"font-size: large;\">takz\u0307e te prowadza\u0328ce do serwiso\u0301w zewne\u0328trznych \u2013 otwieraja\u0328 sie\u0328 w tym samym oknie.<\/span><\/span><\/li>\n<li><span style=\"font-family: TimesNewRomanPSMT;\"><span style=\"font-size: large;\">Kontrast tekstu do t\u0142a \u2013 dzie\u0328ki temu materia\u0142y osadzone na stronie sa\u0328 czytelne takz\u0307e dla oso\u0301b s\u0142abiej widza\u0328cych. <\/span><\/span><\/li>\n<li><span style=\"font-family: TimesNewRomanPSMT;\"><span style=\"font-size: large;\">Staramy sie\u0328 pisac\u0301 zrozumia\u0142e teksty oraz formatowac\u0301 je w sposo\u0301b zgodny z zasadami doste\u0328pnos\u0301ci. <\/span><\/span><\/li>\n<li><span style=\"font-family: TimesNewRomanPSMT;\"><span style=\"font-size: large;\">Zdje\u0328cia i grafiki w serwisie <\/span><\/span><span style=\"font-family: TimesNewRomanPSMT;\"><span style=\"font-size: large;\">nie <\/span><\/span><span style=\"font-family: TimesNewRomanPSMT;\"><span style=\"font-size: large;\">maja\u0328 alternatywn<\/span><\/span><span style=\"font-family: TimesNewRomanPSMT;\"><span style=\"font-size: large;\">ych<\/span><\/span><span style=\"font-family: TimesNewRomanPSMT;\"><span style=\"font-size: large;\"> opis\u00f3<\/span><\/span><span style=\"font-family: TimesNewRomanPSMT;\"><span style=\"font-size: large;\">w<\/span><\/span><span style=\"font-family: TimesNewRomanPSMT;\"><span style=\"font-size: large;\">, aby ich tres\u0301c\u0301 by\u0142a doste\u0328pna dla oso\u0301b niewidomych oraz oso\u0301b kto\u0301re nie wys\u0301wietlaja\u0328 grafiki na przyk\u0142ad na urza\u0328dzeniach mobilnych. <\/span><\/span><\/li>\n<\/ul>\n<p style=\"text-align: center;\"><span style=\"font-family: TimesNewRomanPS;\"><span style=\"font-size: large;\"><b>Serwis jest wyposaz\u0307ony w mechanizmy u\u0142atwiaja\u0328ce przegla\u0328danie tres\u0301ci przez osoby niedowidza\u0328ce nie korzystaja\u0328ce z technologii asystuja\u0328cych: <\/b><\/span><\/span><\/p>\n<ul>\n<li><span style=\"font-family: TimesNewRomanPSMT;\"><span style=\"font-size: large;\">zmiana wielkos\u0301ci czcionki <\/span><\/span><\/li>\n<li><span style=\"font-family: TimesNewRomanPSMT;\"><span style=\"font-size: large;\">zmiana kontrastu <\/span><\/span><\/li>\n<li><span style=\"font-family: TimesNewRomanPSMT;\"><span style=\"font-size: large;\">oprawa graficzna serwisu oparta jest na stylach.<\/span><\/span><\/li>\n<\/ul>\n<p style=\"text-align: center;\"><span style=\"font-family: TimesNewRomanPS;\"><span style=\"font-size: x-large;\"><b>Zmiana rozmiaru strony <\/b><\/span><\/span><\/p>\n<p><span style=\"font-family: TimesNewRomanPSMT;\"><span style=\"font-size: large;\">Graficzne przegla\u0328darki internetowe umoz\u0307liwiaja\u0328 powie\u0328kszenie lub pomniejszenie widoku wys\u0301wietlanej strony. <\/span><\/span><\/p>\n<p><span style=\"font-family: TimesNewRomanPSMT;\"><span style=\"font-size: large;\">Aby powie\u0328kszyc\u0301 tekst nalez\u0307y wybrac\u0301 odpowiednia\u0328 kombinacje\u0328 klawiszy: <\/span><\/span><\/p>\n<p><span style=\"font-family: TimesNewRomanPS;\"><span style=\"font-size: large;\"><b>Firefox, Chrome, Internet Explorer: <\/b><\/span><\/span><\/p>\n<p><span style=\"font-family: TimesNewRomanPSMT;\"><span style=\"font-size: large;\">[CTRL] oraz [+] aby powie\u0328kszyc\u0301 widok [CTRL] oraz [-] aby pomniejszyc\u0301 widok <\/span><\/span><\/p>\n<p><span style=\"font-family: TimesNewRomanPS;\"><span style=\"font-size: large;\"><b>Opera: <\/b><\/span><\/span><\/p>\n<p><span style=\"font-family: TimesNewRomanPSMT;\"><span style=\"font-size: large;\">[SHIFT] oraz [+] aby powie\u0328kszyc\u0301 widok [-] aby pomniejszyc\u0301 widok.<\/span><\/span><\/p>\n<p><span style=\"font-family: TimesNewRomanPSMT;\"><span style=\"font-size: large;\"><br \/>\n<\/span><\/span><span style=\"font-family: TimesNewRomanPSMT;\"><span style=\"font-size: large;\">Po lewej<\/span><\/span><span style=\"font-family: TimesNewRomanPSMT;\"><span style=\"font-size: large;\"> na stronie <\/span><\/span><span style=\"font-family: TimesNewRomanPSMT;\"><span style=\"font-size: large;\">w <\/span><\/span><span style=\"font-family: TimesNewRomanPSMT;\"><span style=\"font-size: large;\">umiejscowio<\/span><\/span><span style=\"font-family: TimesNewRomanPSMT;\"><span style=\"font-size: large;\">nym <\/span><\/span><span style=\"font-family: TimesNewRomanPSMT;\"><span style=\"font-size: large;\">menu, kt\u00f3re przesuwa si\u0119 w d\u00f3\u0142 wraz z zawarto\u015bci\u0105 strony znajduja\u0328 sie\u0328 pomocne opcje: \u201epowi\u0119ksz tekst\u201d, \u201epomniejsz tekst\u201d, \u201eodcienie szaro\u015bci\u201d, \u201ewysoki kontrast\u201d, \u201ekontrast ujemny\u201d, \u201ejasne t\u0142o\u201d, \u201epodkre\u015blony link\u201d, oraz \u201eczytelna czcionka\u201d.<\/span><\/span><\/p>\n<p><span style=\"font-family: TimesNewRomanPS;\"><span style=\"font-size: large;\"><b>Dost\u0119pno\u015b\u0107 architektoniczna<\/b><\/span><\/span><\/p>\n<p><span style=\"font-family: TimesNewRomanPSMT;\"><span style=\"font-size: large;\">Budynek szko\u0142y nie spe\u0142nia wymog\u00f3w dost\u0119pno\u015bci architektonicznej dla os\u00f3b niepe\u0142nosprawnych.<\/span><\/span><\/p>\n<p align=\"center\"><span style=\"font-family: TimesNewRomanPS;\"><span style=\"font-size: x-large;\"><b>Informacje zwrotne i dane kontaktowe <\/b><\/span><\/span><\/p>\n<ul>\n<li><span style=\"font-family: TimesNewRomanPSMT;\"><span style=\"font-size: large;\">Uwagi o dost\u0119pnos\u0301ci cyfrowej prosze\u0328 kierowac\u0301 na adres e-mail: <\/span><\/span><span style=\"color: #3366ff;\"><span style=\"font-family: TimesNewRomanPSMT;\"><span style=\"font-size: large;\">\u00a0<\/span><\/span><\/span><a href=\"mailto:mariuszz@szkolauchanie.pl\"><span style=\"font-family: TimesNewRomanPSMT;\"><span style=\"font-size: large;\"><span style=\"color: #3366ff;\">informatyk<\/span> <\/span><\/span><\/a><span style=\"font-family: TimesNewRomanPSMT;\"><span style=\"font-size: large;\">Szko\u0142y Podstawowej im. Papie\u017ca Jana Paw\u0142a II w Uchaniach<\/span><\/span><span style=\"font-family: TimesNewRomanPSMT;\"><span style=\"font-size: large;\"> lub tel. (69<\/span><\/span><span style=\"font-family: TimesNewRomanPSMT;\"><span style=\"font-size: large;\">1 995 126<\/span><\/span><span style=\"font-family: TimesNewRomanPSMT;\"><span style=\"font-size: large;\">).\u00a0<\/span><\/span><\/li>\n<li><span style=\"font-family: TimesNewRomanPSMT;\"><span style=\"font-size: large;\">Link do strony <\/span><\/span>\u2013<span style=\"color: #3366ff;\"> <a style=\"color: #3366ff;\" href=\"https:\/\/www.rpo.gov.pl\"><span style=\"font-family: TimesNewRomanPSMT;\"><span style=\"font-size: large;\">Rzecznika Praw Obywatelskich <\/span><\/span><\/a><\/span><\/li>\n<li><span style=\"font-family: TimesNewRomanPSMT;\"><span style=\"font-size: large;\">Inne dane kontaktowe <\/span><\/span>\u2013 <a href=\"mailto:dyrektor@szkolauchanie.pl\"><span style=\"color: #000000;\"><span style=\"font-family: TimesNewRomanPSMT;\"><span style=\"font-size: large;\"><span style=\"color: #3366ff;\">Dyrektor szko\u0142y<\/span><\/span><\/span><\/span><\/a><\/li>\n<\/ul>\n<p><span style=\"font-family: TimesNewRomanPS;\"><span style=\"font-size: large;\"><b>Szko\u0142a Podstawowa im. Papie\u017ca Jana Paw\u0142a II w Uchaniach<\/b><\/span><\/span><span style=\"font-family: TimesNewRomanPS;\"><span style=\"font-size: large;\"><b>, ul. <\/b><\/span><\/span><span style=\"font-family: TimesNewRomanPS;\"><span style=\"font-size: large;\"><b>Szkolna 13<\/b><\/span><\/span><span style=\"font-family: TimesNewRomanPS;\"><span style=\"font-size: large;\"><b>, 22 &#8211; 510 Uchanie<\/b><\/span><\/span><\/p>\n<p>Data\u00a0 aktualizacji deklaracji dost\u0119pno\u015bci: 2021 &#8211; 03 &#8211; 31<\/p>\n<p>Data\u00a0 aktualizacji deklaracji dost\u0119pno\u015bci: 2022 &#8211; 03 &#8211; 23<\/p>\n<p>Data\u00a0 aktualizacji deklaracji dost\u0119pno\u015bci: 2023 &#8211; 03 &#8211; 20<\/p>\n<p>Data przegl\u0105du i aktualizacji deklaracji dost\u0119pno\u015bci: 2024 &#8211; 03 &#8211; 12<\/p>\n<p>Data\u00a0 przegl\u0105du i aktualizacji deklaracji dost\u0119pno\u015bci: 2025 &#8211; 03 &#8211; 25<\/p>\n<p>Data przegl\u0105du i aktualizacji deklaracji dost\u0119pno\u015bci : 2026 &#8211; 03 &#8211; 25<\/p>\n","protected":false},"excerpt":{"rendered":"<p>Raport o stanie zapewnienia dost\u0119pno\u015bci Raport o stanie zapewnienia doste\u0328pnos\u0301ci SP Raport o stanie zapewnienia dost\u0119pno\u015bci Punkt Przedszkolny Raport o stanie\u00a0 zapewnienia dost\u0119pno\u015bci 2025 Deklaracja Doste\u0328pnos\u0301ci Szko\u0142a Podstawowa im. Papie\u017ca&#8230; <a href=\"http:\/\/sp.uchanie.pl\/index.php\/deklaracja-dostepnosci\/\">Read more &raquo;<\/a><\/p>\n","protected":false},"author":1,"featured_media":0,"parent":0,"menu_order":0,"comment_status":"closed","ping_status":"closed","template":"","meta":{"footnotes":""},"class_list":["post-7840","page","type-page","status-publish","hentry"],"_links":{"self":[{"href":"http:\/\/sp.uchanie.pl\/index.php\/wp-json\/wp\/v2\/pages\/7840","targetHints":{"allow":["GET"]}}],"collection":[{"href":"http:\/\/sp.uchanie.pl\/index.php\/wp-json\/wp\/v2\/pages"}],"about":[{"href":"http:\/\/sp.uchanie.pl\/index.php\/wp-json\/wp\/v2\/types\/page"}],"author":[{"embeddable":true,"href":"http:\/\/sp.uchanie.pl\/index.php\/wp-json\/wp\/v2\/users\/1"}],"replies":[{"embeddable":true,"href":"http:\/\/sp.uchanie.pl\/index.php\/wp-json\/wp\/v2\/comments?post=7840"}],"version-history":[{"count":21,"href":"http:\/\/sp.uchanie.pl\/index.php\/wp-json\/wp\/v2\/pages\/7840\/revisions"}],"predecessor-version":[{"id":25249,"href":"http:\/\/sp.uchanie.pl\/index.php\/wp-json\/wp\/v2\/pages\/7840\/revisions\/25249"}],"wp:attachment":[{"href":"http:\/\/sp.uchanie.pl\/index.php\/wp-json\/wp\/v2\/media?parent=7840"}],"curies":[{"name":"wp","href":"https:\/\/api.w.org\/{rel}","templated":true}]}}