{"id":23196,"date":"2025-09-24T12:43:27","date_gmt":"2025-09-24T10:43:27","guid":{"rendered":"http:\/\/sp.uchanie.pl\/?page_id=23196"},"modified":"2025-10-15T17:34:14","modified_gmt":"2025-10-15T15:34:14","slug":"rada-rodzicow","status":"publish","type":"page","link":"http:\/\/sp.uchanie.pl\/index.php\/rada-rodzicow\/","title":{"rendered":"Rada Rodzic\u00f3w"},"content":{"rendered":"<h1 style=\"text-align: center;\">PREZYDIUM SZKOLNEJ RADY RODZIC\u00d3W<\/h1>\n<hr \/>\n<p><strong>Przewodnicz\u0105cy <\/strong>&#8211; Lucyna Momot<\/p>\n<p><strong>Zast\u0119pca przew.<\/strong> &#8211; Renata Puczkowska<\/p>\n<p><strong>Skarbnik<\/strong> &#8211; Magdalena Markiewicz<\/p>\n<p><strong>Sekretarz<\/strong> &#8211; Ewelina Momot<\/p>\n<hr \/>\n<h2 style=\"text-align: center;\">Szkolna Rada Rodzic\u00f3w 2025\/2026<\/h2>\n<hr \/>\n<p><strong>Klasa I<\/strong> &#8211; Mateusz Manaj<\/p>\n<p><strong>Klasa II<\/strong> &#8211; Barbara Furmaniak<\/p>\n<p><strong>Klasa III<\/strong> &#8211; Ewelina Momot<\/p>\n<p><strong>Klasa IV<\/strong> &#8211; Justyna Pacu\u0142a<\/p>\n<p><strong>Klasa V<\/strong> &#8211; Renata Puczkowska<\/p>\n<p><strong>Klasa VI<\/strong> &#8211; Katarzyna Stopa<\/p>\n<p><strong>Klasa VII<\/strong> &#8211; Anna Wilkos<\/p>\n<p><strong>Klasa VIII<\/strong> &#8211; Lucyna Momot<\/p>\n<p><strong>6 &#8211; latki<\/strong> &#8211; Justyna Karauda<\/p>\n<p><strong>5 &#8211; latki<\/strong> &#8211; Magdalena Markiewicz<\/p>\n<p><strong>3\/4 &#8211; latki<\/strong> &#8211; Joanna Strycharczuk &#8211; Organi\u015bciuk<\/p>\n<p>&nbsp;<\/p>\n","protected":false},"excerpt":{"rendered":"<p>PREZYDIUM SZKOLNEJ RADY RODZIC\u00d3W Przewodnicz\u0105cy &#8211; Lucyna Momot Zast\u0119pca przew. &#8211; Renata Puczkowska Skarbnik &#8211; Magdalena Markiewicz Sekretarz &#8211; Ewelina Momot Szkolna Rada Rodzic\u00f3w 2025\/2026 Klasa I &#8211; Mateusz Manaj&#8230; <a href=\"http:\/\/sp.uchanie.pl\/index.php\/rada-rodzicow\/\">Read more &raquo;<\/a><\/p>\n","protected":false},"author":1,"featured_media":0,"parent":0,"menu_order":0,"comment_status":"closed","ping_status":"closed","template":"","meta":{"footnotes":""},"class_list":["post-23196","page","type-page","status-publish","hentry"],"_links":{"self":[{"href":"http:\/\/sp.uchanie.pl\/index.php\/wp-json\/wp\/v2\/pages\/23196","targetHints":{"allow":["GET"]}}],"collection":[{"href":"http:\/\/sp.uchanie.pl\/index.php\/wp-json\/wp\/v2\/pages"}],"about":[{"href":"http:\/\/sp.uchanie.pl\/index.php\/wp-json\/wp\/v2\/types\/page"}],"author":[{"embeddable":true,"href":"http:\/\/sp.uchanie.pl\/index.php\/wp-json\/wp\/v2\/users\/1"}],"replies":[{"embeddable":true,"href":"http:\/\/sp.uchanie.pl\/index.php\/wp-json\/wp\/v2\/comments?post=23196"}],"version-history":[{"count":4,"href":"http:\/\/sp.uchanie.pl\/index.php\/wp-json\/wp\/v2\/pages\/23196\/revisions"}],"predecessor-version":[{"id":23573,"href":"http:\/\/sp.uchanie.pl\/index.php\/wp-json\/wp\/v2\/pages\/23196\/revisions\/23573"}],"wp:attachment":[{"href":"http:\/\/sp.uchanie.pl\/index.php\/wp-json\/wp\/v2\/media?parent=23196"}],"curies":[{"name":"wp","href":"https:\/\/api.w.org\/{rel}","templated":true}]}}