{"id":212,"date":"2013-05-29T19:35:28","date_gmt":"2013-05-29T17:35:28","guid":{"rendered":"http:\/\/192.168.1.2\/index.php\/2013\/05\/29\/bezpieczna-szkoa\/"},"modified":"2023-02-02T20:02:05","modified_gmt":"2023-02-02T19:02:05","slug":"bezpieczna-szkoa","status":"publish","type":"page","link":"http:\/\/sp.uchanie.pl\/index.php\/bezpieczna-szkoa\/","title":{"rendered":"Bezpieczna Szko\u0142a"},"content":{"rendered":"<p>Nasza szko\u0142a w okresie od 15 wrze\u015bnia 2012 roku do 31 marca 2013 roku uczestniczy\u0142a w konkursie Bezpieczna Szko\u0142a &#8211; Bezpieczny Ucze\u0144. By\u0142o to do\u015b\u0107 trudne przedsi\u0119wzi\u0119cie, wymaga\u0142o ono zorganizowania wielu debat m\u0142odzie\u017cy, konkurs\u00f3w uczniowskich, spotka\u0144 ze specjalistami, kt\u00f3rzy poruszali ciekawe ale i trudne tematy. Konkurs mia\u0142 s\u0142u\u017cy\u0107 podniesieniu poziomu bezpiecze\u0144stwa szk\u00f3\u0142 i uczni\u00f3w. W maju otrzymali\u015bmy certyfikat Bezpiecznej Szko\u0142y oraz cz\u0142onkostwo Og\u00f3lnopolskiego Klubu Bezpieczne Szko\u0142y. Ide\u0119 programu konkursowego wspar\u0142o gremium Komitetu Honorowego, w kt\u00f3rym znale\u017ali si\u0119 przedstawiciele Sejmu i Senatu RP, Rektorzy wy\u017cszych uczelni, Kuratorzy o\u015bwiaty, Wojewodowie, Prezydenci Miast i Marsza\u0142kowie Sejmik\u00f3w. Za zaanga\u017cowanie i pomoc w realizacji przedsi\u0119wzi\u0119cia wszystkim uczestnikom serdecznie dzi\u0119kuj\u0119!<\/p>\n<p style=\"text-align: right;\">PEDAGOG<\/p>\n<hr \/>\n<p style=\"text-align: center;\"><img loading=\"lazy\" decoding=\"async\" class=\"alignnone wp-image-211 size-full\" title=\"Bezpieczna Szko\u0142a - Bezpieczny Ucze\u0144\" src=\"http:\/\/192.168.40.27\/wp-content\/uploads\/2013\/05\/certyfikat.png\" alt=\"Bezpieczna Szko\u0142a - Bezpieczny Ucze\u0144\" width=\"421\" height=\"600\" border=\"0\" srcset=\"http:\/\/sp.uchanie.pl\/wp-content\/uploads\/2013\/05\/certyfikat.png 421w, http:\/\/sp.uchanie.pl\/wp-content\/uploads\/2013\/05\/certyfikat-211x300.png 211w\" sizes=\"auto, (max-width: 421px) 100vw, 421px\" \/><\/p>\n<hr \/>\n","protected":false},"excerpt":{"rendered":"<p>Nasza szko\u0142a w okresie od 15 wrze\u015bnia 2012 roku do 31 marca 2013 roku uczestniczy\u0142a w konkursie Bezpieczna Szko\u0142a &#8211; Bezpieczny Ucze\u0144. By\u0142o to do\u015b\u0107 trudne przedsi\u0119wzi\u0119cie, wymaga\u0142o ono zorganizowania&#8230; <a href=\"http:\/\/sp.uchanie.pl\/index.php\/bezpieczna-szkoa\/\">Read more &raquo;<\/a><\/p>\n","protected":false},"author":1,"featured_media":211,"parent":0,"menu_order":3,"comment_status":"closed","ping_status":"open","template":"","meta":{"footnotes":""},"class_list":["post-212","page","type-page","status-publish","has-post-thumbnail","hentry"],"_links":{"self":[{"href":"http:\/\/sp.uchanie.pl\/index.php\/wp-json\/wp\/v2\/pages\/212","targetHints":{"allow":["GET"]}}],"collection":[{"href":"http:\/\/sp.uchanie.pl\/index.php\/wp-json\/wp\/v2\/pages"}],"about":[{"href":"http:\/\/sp.uchanie.pl\/index.php\/wp-json\/wp\/v2\/types\/page"}],"author":[{"embeddable":true,"href":"http:\/\/sp.uchanie.pl\/index.php\/wp-json\/wp\/v2\/users\/1"}],"replies":[{"embeddable":true,"href":"http:\/\/sp.uchanie.pl\/index.php\/wp-json\/wp\/v2\/comments?post=212"}],"version-history":[{"count":2,"href":"http:\/\/sp.uchanie.pl\/index.php\/wp-json\/wp\/v2\/pages\/212\/revisions"}],"predecessor-version":[{"id":13845,"href":"http:\/\/sp.uchanie.pl\/index.php\/wp-json\/wp\/v2\/pages\/212\/revisions\/13845"}],"wp:featuredmedia":[{"embeddable":true,"href":"http:\/\/sp.uchanie.pl\/index.php\/wp-json\/wp\/v2\/media\/211"}],"wp:attachment":[{"href":"http:\/\/sp.uchanie.pl\/index.php\/wp-json\/wp\/v2\/media?parent=212"}],"curies":[{"name":"wp","href":"https:\/\/api.w.org\/{rel}","templated":true}]}}