{"id":19579,"date":"2024-09-08T15:09:26","date_gmt":"2024-09-08T13:09:26","guid":{"rendered":"http:\/\/192.168.40.27\/?page_id=19579"},"modified":"2024-09-14T20:39:20","modified_gmt":"2024-09-14T18:39:20","slug":"skrzynka-zaufania","status":"publish","type":"page","link":"http:\/\/sp.uchanie.pl\/index.php\/skrzynka-zaufania\/","title":{"rendered":"Skrzynka zaufania"},"content":{"rendered":"<h1 style=\"text-align: center;\"><em><strong><span style=\"color: #0000ff;\">SKRZYNKA ZAUFANIA<\/span><\/strong><\/em><\/h1>\n<hr \/>\n<h3><span style=\"color: #008080;\"><em>PSYCHOLOG<\/em><\/span><\/h3>\n<p><img loading=\"lazy\" decoding=\"async\" class=\"size-medium wp-image-19580 alignnone\" src=\"http:\/\/192.168.40.27\/wp-content\/uploads\/2024\/09\/psych3-300x147.png\" alt=\"\" width=\"300\" height=\"147\" srcset=\"http:\/\/sp.uchanie.pl\/wp-content\/uploads\/2024\/09\/psych3-300x147.png 300w, http:\/\/sp.uchanie.pl\/wp-content\/uploads\/2024\/09\/psych3-624x306.png 624w, http:\/\/sp.uchanie.pl\/wp-content\/uploads\/2024\/09\/psych3.png 746w\" sizes=\"auto, (max-width: 300px) 100vw, 300px\" \/><\/p>\n<p>Je\u015bli dr\u0119czy Ci\u0119 problem, o kt\u00f3rym nie masz z kim porozmawia\u0107?<br \/>\nNie dogadujesz si\u0119 z nauczycielami lub r\u00f3wie\u015bnikami?<br \/>\nRodzice i rodze\u0144stwo Ci\u0119 nie rozumiej\u0105?<br \/>\nPisz &#8230;&#8230;&#8230;&#8230;&#8230;&#8230;.<\/p>\n<h3><span style=\"color: #0000ff;\"><em>skrzynkazaufania@szkolauchanie.pl<\/em><\/span><\/h3>\n<p><strong>Jestem po to aby Ci pom\u00f3c!<\/strong><br \/>\n<strong>Ewelina Kawa<\/strong><\/p>\n<p><img loading=\"lazy\" decoding=\"async\" class=\"alignnone wp-image-19581 size-thumbnail\" src=\"http:\/\/192.168.40.27\/wp-content\/uploads\/2024\/09\/psych_1-150x150.png\" alt=\"\" width=\"150\" height=\"150\" srcset=\"http:\/\/sp.uchanie.pl\/wp-content\/uploads\/2024\/09\/psych_1-150x150.png 150w, http:\/\/sp.uchanie.pl\/wp-content\/uploads\/2024\/09\/psych_1-180x180.png 180w, http:\/\/sp.uchanie.pl\/wp-content\/uploads\/2024\/09\/psych_1-60x60.png 60w\" sizes=\"auto, (max-width: 150px) 100vw, 150px\" \/><\/p>\n<p><span style=\"color: #339966;\"><strong>PAMI\u0118TAJ !<\/strong><br \/>\n<\/span><em>1. KA\u017bDY LIST TRAKTUJ\u0118 POWA\u017bNIE, NIE JAKO \u017bART<\/em><br \/>\n<em>2. POS\u0141UGUJ SI\u0118 KULTURALNYM S\u0141OWNICTWEM<\/em><br \/>\n<em>3. MO\u017bESZ POZOSTA\u0106 ANONIMOWYM<\/em><br \/>\n<em>4. WSZYSTKO CO NAPISZESZ POZOSTANIE TAJEMNIC\u0104, CHYBA \u017bE ZAGRA\u017bA TO CZYJEMU\u015a BEZPIECZE\u0143STWU, ZDROWIU LUB \u017bYCIU<\/em><\/p>\n","protected":false},"excerpt":{"rendered":"<p>SKRZYNKA ZAUFANIA PSYCHOLOG Je\u015bli dr\u0119czy Ci\u0119 problem, o kt\u00f3rym nie masz z kim porozmawia\u0107? Nie dogadujesz si\u0119 z nauczycielami lub r\u00f3wie\u015bnikami? Rodzice i rodze\u0144stwo Ci\u0119 nie rozumiej\u0105? Pisz &#8230;&#8230;&#8230;&#8230;&#8230;&#8230;. skrzynkazaufania@szkolauchanie.pl&#8230; <a href=\"http:\/\/sp.uchanie.pl\/index.php\/skrzynka-zaufania\/\">Read more &raquo;<\/a><\/p>\n","protected":false},"author":1,"featured_media":0,"parent":0,"menu_order":0,"comment_status":"closed","ping_status":"closed","template":"","meta":{"footnotes":""},"class_list":["post-19579","page","type-page","status-publish","hentry"],"_links":{"self":[{"href":"http:\/\/sp.uchanie.pl\/index.php\/wp-json\/wp\/v2\/pages\/19579","targetHints":{"allow":["GET"]}}],"collection":[{"href":"http:\/\/sp.uchanie.pl\/index.php\/wp-json\/wp\/v2\/pages"}],"about":[{"href":"http:\/\/sp.uchanie.pl\/index.php\/wp-json\/wp\/v2\/types\/page"}],"author":[{"embeddable":true,"href":"http:\/\/sp.uchanie.pl\/index.php\/wp-json\/wp\/v2\/users\/1"}],"replies":[{"embeddable":true,"href":"http:\/\/sp.uchanie.pl\/index.php\/wp-json\/wp\/v2\/comments?post=19579"}],"version-history":[{"count":10,"href":"http:\/\/sp.uchanie.pl\/index.php\/wp-json\/wp\/v2\/pages\/19579\/revisions"}],"predecessor-version":[{"id":19626,"href":"http:\/\/sp.uchanie.pl\/index.php\/wp-json\/wp\/v2\/pages\/19579\/revisions\/19626"}],"wp:attachment":[{"href":"http:\/\/sp.uchanie.pl\/index.php\/wp-json\/wp\/v2\/media?parent=19579"}],"curies":[{"name":"wp","href":"https:\/\/api.w.org\/{rel}","templated":true}]}}