{"id":1894,"date":"2019-09-30T16:36:59","date_gmt":"2019-09-30T14:36:59","guid":{"rendered":"http:\/\/192.168.1.2\/?page_id=1894"},"modified":"2023-02-02T19:49:37","modified_gmt":"2023-02-02T18:49:37","slug":"rodo","status":"publish","type":"page","link":"http:\/\/sp.uchanie.pl\/index.php\/rodo\/","title":{"rendered":"RODO"},"content":{"rendered":"<p>W sprawach z zakresu ochrony danych osobowych mog\u0105 Pa\u0144stwo kontaktowa\u0107 si\u0119 z Inspektorem Ochrony Danych Panem Danielem Koguciukiem pod adresem e-mail: <a href=\"mailto:inspektor@cbi24.pl\">inspektor@cbi24.pl<\/a>.<\/p>\n<p>Dokumenty do pobrania:<\/p>\n<p><a href=\"http:\/\/185.172.208.196\/wp-content\/uploads\/2019\/09\/Klauzula-informacyjna-przes\u0142anka-przepis-prawa.pdf\">Klauzula informacyjna &#8211; przes\u0142anka przepis prawa<\/a><\/p>\n<p><a href=\"http:\/\/185.172.208.196\/wp-content\/uploads\/2019\/09\/Klauzula-informacyjna-przes\u0142anka-zgoda.pdf\">Klauzula informacyjna &#8211; przes\u0142anka zgoda<\/a><\/p>\n<p><a href=\"http:\/\/185.172.208.196\/wp-content\/uploads\/2019\/09\/klauzula-informacyjna-przes\u0142anka-umowy.pdf\">klauzula informacyjna przes\u0142anka umowy<\/a><\/p>\n<p><a href=\"http:\/\/185.172.208.196\/wp-content\/uploads\/2019\/09\/klauzula-informacyjna-monitoring.pdf\">klauzula informacyjna monitoring<\/a><\/p>\n<p>&nbsp;<\/p>\n","protected":false},"excerpt":{"rendered":"<p>W sprawach z zakresu ochrony danych osobowych mog\u0105 Pa\u0144stwo kontaktowa\u0107 si\u0119 z Inspektorem Ochrony Danych Panem Danielem Koguciukiem pod adresem e-mail: inspektor@cbi24.pl. Dokumenty do pobrania: Klauzula informacyjna &#8211; przes\u0142anka przepis&#8230; <a href=\"http:\/\/sp.uchanie.pl\/index.php\/rodo\/\">Read more &raquo;<\/a><\/p>\n","protected":false},"author":1,"featured_media":0,"parent":0,"menu_order":0,"comment_status":"closed","ping_status":"closed","template":"","meta":{"footnotes":""},"class_list":["post-1894","page","type-page","status-publish","hentry"],"_links":{"self":[{"href":"http:\/\/sp.uchanie.pl\/index.php\/wp-json\/wp\/v2\/pages\/1894","targetHints":{"allow":["GET"]}}],"collection":[{"href":"http:\/\/sp.uchanie.pl\/index.php\/wp-json\/wp\/v2\/pages"}],"about":[{"href":"http:\/\/sp.uchanie.pl\/index.php\/wp-json\/wp\/v2\/types\/page"}],"author":[{"embeddable":true,"href":"http:\/\/sp.uchanie.pl\/index.php\/wp-json\/wp\/v2\/users\/1"}],"replies":[{"embeddable":true,"href":"http:\/\/sp.uchanie.pl\/index.php\/wp-json\/wp\/v2\/comments?post=1894"}],"version-history":[{"count":6,"href":"http:\/\/sp.uchanie.pl\/index.php\/wp-json\/wp\/v2\/pages\/1894\/revisions"}],"predecessor-version":[{"id":13839,"href":"http:\/\/sp.uchanie.pl\/index.php\/wp-json\/wp\/v2\/pages\/1894\/revisions\/13839"}],"wp:attachment":[{"href":"http:\/\/sp.uchanie.pl\/index.php\/wp-json\/wp\/v2\/media?parent=1894"}],"curies":[{"name":"wp","href":"https:\/\/api.w.org\/{rel}","templated":true}]}}