{"id":18039,"date":"2024-03-17T14:19:09","date_gmt":"2024-03-17T13:19:09","guid":{"rendered":"http:\/\/192.168.40.27\/?page_id=18039"},"modified":"2026-05-13T16:24:55","modified_gmt":"2026-05-13T14:24:55","slug":"patron-i-historia","status":"publish","type":"page","link":"http:\/\/sp.uchanie.pl\/index.php\/patron-i-historia\/","title":{"rendered":"Patron i historia"},"content":{"rendered":"<hr \/>\n<h1 style=\"text-align: center;\">PATRON I HISTORIA SZKO\u0141Y<\/h1>\n<hr \/>\n<p><a href=\"http:\/\/sp.uchanie.pl\/index.php\/patron-i-historia\/nasz-patron\/\">Patron szko\u0142y<\/a><\/p>\n<p><a href=\"http:\/\/sp.uchanie.pl\/index.php\/patron-i-historia\/historia-szkoy\/\">Historia szko\u0142y<\/a><\/p>\n<p>&nbsp;<\/p>\n","protected":false},"excerpt":{"rendered":"<p>PATRON I HISTORIA SZKO\u0141Y Patron szko\u0142y Historia szko\u0142y &nbsp;<\/p>\n","protected":false},"author":1,"featured_media":0,"parent":0,"menu_order":0,"comment_status":"closed","ping_status":"closed","template":"","meta":{"footnotes":""},"class_list":["post-18039","page","type-page","status-publish","hentry"],"_links":{"self":[{"href":"http:\/\/sp.uchanie.pl\/index.php\/wp-json\/wp\/v2\/pages\/18039","targetHints":{"allow":["GET"]}}],"collection":[{"href":"http:\/\/sp.uchanie.pl\/index.php\/wp-json\/wp\/v2\/pages"}],"about":[{"href":"http:\/\/sp.uchanie.pl\/index.php\/wp-json\/wp\/v2\/types\/page"}],"author":[{"embeddable":true,"href":"http:\/\/sp.uchanie.pl\/index.php\/wp-json\/wp\/v2\/users\/1"}],"replies":[{"embeddable":true,"href":"http:\/\/sp.uchanie.pl\/index.php\/wp-json\/wp\/v2\/comments?post=18039"}],"version-history":[{"count":3,"href":"http:\/\/sp.uchanie.pl\/index.php\/wp-json\/wp\/v2\/pages\/18039\/revisions"}],"predecessor-version":[{"id":25502,"href":"http:\/\/sp.uchanie.pl\/index.php\/wp-json\/wp\/v2\/pages\/18039\/revisions\/25502"}],"wp:attachment":[{"href":"http:\/\/sp.uchanie.pl\/index.php\/wp-json\/wp\/v2\/media?parent=18039"}],"curies":[{"name":"wp","href":"https:\/\/api.w.org\/{rel}","templated":true}]}}