{"id":17772,"date":"2024-02-15T16:59:26","date_gmt":"2024-02-15T15:59:26","guid":{"rendered":"http:\/\/192.168.40.27\/?page_id=17772"},"modified":"2025-09-24T09:14:32","modified_gmt":"2025-09-24T07:14:32","slug":"standardy-ochrony-maloletnich","status":"publish","type":"page","link":"http:\/\/sp.uchanie.pl\/index.php\/dokumenty-szkolne\/standardy-ochrony-maloletnich\/","title":{"rendered":"Standardy ochrony ma\u0142oletnich"},"content":{"rendered":"<hr \/>\n<h1 style=\"text-align: center;\"><strong>Standardy ochrony ma\u0142oletnich<br \/>\n<\/strong><\/h1>\n<hr \/>\n<p><a href=\"http:\/\/sp.uchanie.pl\/wp-content\/uploads\/2024\/10\/STANDARDY-OCHRONY-MALOLETNICH.pdf\">STANDARDY OCHRONY MA\u0141OLETNICH<\/a><\/p>\n<p><a href=\"http:\/\/sp.uchanie.pl\/wp-content\/uploads\/2024\/03\/zala\u0328czniki.pdf\">za\u0142a\u0328czniki<\/a><\/p>\n<p>&nbsp;<\/p>\n","protected":false},"excerpt":{"rendered":"<p>Standardy ochrony ma\u0142oletnich STANDARDY OCHRONY MA\u0141OLETNICH za\u0142a\u0328czniki &nbsp;<\/p>\n","protected":false},"author":1,"featured_media":0,"parent":8436,"menu_order":0,"comment_status":"closed","ping_status":"closed","template":"","meta":{"footnotes":""},"class_list":["post-17772","page","type-page","status-publish","hentry"],"_links":{"self":[{"href":"http:\/\/sp.uchanie.pl\/index.php\/wp-json\/wp\/v2\/pages\/17772","targetHints":{"allow":["GET"]}}],"collection":[{"href":"http:\/\/sp.uchanie.pl\/index.php\/wp-json\/wp\/v2\/pages"}],"about":[{"href":"http:\/\/sp.uchanie.pl\/index.php\/wp-json\/wp\/v2\/types\/page"}],"author":[{"embeddable":true,"href":"http:\/\/sp.uchanie.pl\/index.php\/wp-json\/wp\/v2\/users\/1"}],"replies":[{"embeddable":true,"href":"http:\/\/sp.uchanie.pl\/index.php\/wp-json\/wp\/v2\/comments?post=17772"}],"version-history":[{"count":6,"href":"http:\/\/sp.uchanie.pl\/index.php\/wp-json\/wp\/v2\/pages\/17772\/revisions"}],"predecessor-version":[{"id":23192,"href":"http:\/\/sp.uchanie.pl\/index.php\/wp-json\/wp\/v2\/pages\/17772\/revisions\/23192"}],"up":[{"embeddable":true,"href":"http:\/\/sp.uchanie.pl\/index.php\/wp-json\/wp\/v2\/pages\/8436"}],"wp:attachment":[{"href":"http:\/\/sp.uchanie.pl\/index.php\/wp-json\/wp\/v2\/media?parent=17772"}],"curies":[{"name":"wp","href":"https:\/\/api.w.org\/{rel}","templated":true}]}}