{"id":15276,"date":"2023-06-05T18:10:54","date_gmt":"2023-06-05T16:10:54","guid":{"rendered":"http:\/\/192.168.40.27\/?page_id=15276"},"modified":"2023-06-05T18:10:54","modified_gmt":"2023-06-05T16:10:54","slug":"projekt-edukacyjno-historyczny-konstytucja-3-maja","status":"publish","type":"page","link":"http:\/\/sp.uchanie.pl\/index.php\/projekty\/projekt-edukacyjno-historyczny-konstytucja-3-maja\/","title":{"rendered":"Projekt edukacyjno-historyczny \u201eKonstytucja 3 Maja\u201d"},"content":{"rendered":"<h1 class=\"p1\" style=\"text-align: center;\"><b>Projekt edukacyjno-historyczny \u201eKonstytucja 3 Maja\u201d<\/b><\/h1>\n<p class=\"p3\">W ramach obchod\u00f3w kolejnej rocznicy uchwalenia Konstytucji 3 Maja uczniowie klas 0-VIII wzi\u0119li aktywny udzia\u0142 w realizacji projektu edukacyjno- historycznego \u201eKonstytucja 3 Maja\u201d.<\/p>\n<p class=\"p4\"><b>CELE OG\u00d3LNE PROJEKTU:<\/b><\/p>\n<ul class=\"ul1\">\n<li class=\"li3\">o\u017cywienie \u017cycia kulturalnego w szkole;<\/li>\n<li class=\"li3\">rozszerzenie zainteresowa\u0144 problematyk\u0105 patriotyzmu, bycia patriot\u0105;<\/li>\n<li class=\"li3\">przybli\u017cenie hase\u0142 i znaczenia Konstytucji 3 Maja;<\/li>\n<li class=\"li3\">rozbudzanie postaw patriotycznych i \u015bwiadomo\u015bci narodowej w\u015br\u00f3d dzieci i m\u0142odzie\u017cy;<\/li>\n<li class=\"li3\">kultywowanie pami\u0119ci o wa\u017cnym wydarzeniu historycznym- uchwaleniu Konstytucji 3 Maja.<\/li>\n<\/ul>\n<p class=\"p3\">Ponadto wa\u017cnym za\u0142o\u017ceniem przedsi\u0119wzi\u0119cia by\u0142o rozwijanie zdolno\u015bci, zainteresowa\u0144 uczni\u00f3w oraz ich samodzielno\u015bci i<span class=\"Apple-converted-space\">\u00a0 <\/span>aktywno\u015bci. Projekt ten pozwala\u0142 na rozw\u00f3j wielu umiej\u0119tno\u015bci, m.in. podzia\u0142 pracy, wsp\u00f3\u0142praca w grupie, odpowiedzialno\u015b\u0107 za efekty w pracy, korzystanie z r\u00f3\u017cnych \u017ar\u00f3de\u0142 wiedzy, prezentacja wynik\u00f3w, zdobywanie do\u015bwiadcze\u0144.<\/p>\n<p class=\"p3\">Uczniowie klas 0-VIII pod opiek\u0105 nauczycieli realizowali nast\u0119puj\u0105ce zadania:<\/p>\n<p class=\"p3\">-klasa\u201d0\u201d- wykonanie bia\u0142o -czerwonych chor\u0105giewek, obejrzenie filmu edukacyjnego \u201eSymbole narodowe\u201d<\/p>\n<p class=\"p3\">-klasy I-III-plakaty o Konstytucji 3 Maja;<\/p>\n<p class=\"p3\">-klasa IV-kotyliony;<\/p>\n<p class=\"p3\">-klasa V- ciekawostki o Konstytucji 3 Maja;<\/p>\n<p class=\"p3\">-klasa VI-krzy\u017c\u00f3wka patriotyczna, kt\u00f3rej has\u0142em jest \u201eKonstytucja 3 Maja\u201d;<\/p>\n<p class=\"p3\">-klasa VII- tw\u00f3rcy Konstytucji 3 Maja-plakat;<\/p>\n<p class=\"p3\">-klasy VIIIA i VIIIB- obejrzenie filmu edukacyjnego o Konstytucji 3 Maja i rozwi\u0105zanie testu wiedzy.<\/p>\n<p class=\"p3\"><span class=\"Apple-converted-space\">\u00a0\u00a0 \u00a0 <\/span>Prezentacja wykonanych zada\u0144 odby\u0142a si\u0119 podczas uroczystego apelu z okazji 232 Rocznicy Uchwalenia Konstytucji 3 Maja.<\/p>\n<p><img loading=\"lazy\" decoding=\"async\" class=\"aligncenter wp-image-14915 size-full\" src=\"http:\/\/192.168.40.27\/wp-content\/uploads\/2023\/05\/3maj23_21.jpg\" alt=\"\" width=\"800\" height=\"600\" srcset=\"http:\/\/sp.uchanie.pl\/wp-content\/uploads\/2023\/05\/3maj23_21.jpg 800w, http:\/\/sp.uchanie.pl\/wp-content\/uploads\/2023\/05\/3maj23_21-300x225.jpg 300w, http:\/\/sp.uchanie.pl\/wp-content\/uploads\/2023\/05\/3maj23_21-768x576.jpg 768w, http:\/\/sp.uchanie.pl\/wp-content\/uploads\/2023\/05\/3maj23_21-624x468.jpg 624w, http:\/\/sp.uchanie.pl\/wp-content\/uploads\/2023\/05\/3maj23_21-240x180.jpg 240w\" sizes=\"auto, (max-width: 800px) 100vw, 800px\" \/><\/p>\n<p><img loading=\"lazy\" decoding=\"async\" class=\"aligncenter wp-image-14917 \" src=\"http:\/\/192.168.40.27\/wp-content\/uploads\/2023\/05\/3maj23_23.jpg\" alt=\"\" width=\"459\" height=\"612\" srcset=\"http:\/\/sp.uchanie.pl\/wp-content\/uploads\/2023\/05\/3maj23_23.jpg 600w, http:\/\/sp.uchanie.pl\/wp-content\/uploads\/2023\/05\/3maj23_23-225x300.jpg 225w\" sizes=\"auto, (max-width: 459px) 100vw, 459px\" \/><\/p>\n<p><img loading=\"lazy\" decoding=\"async\" class=\"aligncenter wp-image-14916 \" src=\"http:\/\/192.168.40.27\/wp-content\/uploads\/2023\/05\/3maj23_22.jpg\" alt=\"\" width=\"461\" height=\"614\" srcset=\"http:\/\/sp.uchanie.pl\/wp-content\/uploads\/2023\/05\/3maj23_22.jpg 600w, http:\/\/sp.uchanie.pl\/wp-content\/uploads\/2023\/05\/3maj23_22-225x300.jpg 225w\" sizes=\"auto, (max-width: 461px) 100vw, 461px\" \/><\/p>\n<p><img loading=\"lazy\" decoding=\"async\" class=\"aligncenter wp-image-14919 \" src=\"http:\/\/192.168.40.27\/wp-content\/uploads\/2023\/05\/3maj23_25.jpg\" alt=\"\" width=\"459\" height=\"612\" srcset=\"http:\/\/sp.uchanie.pl\/wp-content\/uploads\/2023\/05\/3maj23_25.jpg 600w, http:\/\/sp.uchanie.pl\/wp-content\/uploads\/2023\/05\/3maj23_25-225x300.jpg 225w\" sizes=\"auto, (max-width: 459px) 100vw, 459px\" \/><\/p>\n<p><img loading=\"lazy\" decoding=\"async\" class=\"aligncenter wp-image-14921 \" src=\"http:\/\/192.168.40.27\/wp-content\/uploads\/2023\/05\/3maj23_27.jpg\" alt=\"\" width=\"457\" height=\"609\" srcset=\"http:\/\/sp.uchanie.pl\/wp-content\/uploads\/2023\/05\/3maj23_27.jpg 600w, http:\/\/sp.uchanie.pl\/wp-content\/uploads\/2023\/05\/3maj23_27-225x300.jpg 225w\" sizes=\"auto, (max-width: 457px) 100vw, 457px\" \/><\/p>\n<p><img loading=\"lazy\" decoding=\"async\" class=\"aligncenter wp-image-14920 \" src=\"http:\/\/192.168.40.27\/wp-content\/uploads\/2023\/05\/3maj23_26.jpg\" alt=\"\" width=\"459\" height=\"612\" srcset=\"http:\/\/sp.uchanie.pl\/wp-content\/uploads\/2023\/05\/3maj23_26.jpg 600w, http:\/\/sp.uchanie.pl\/wp-content\/uploads\/2023\/05\/3maj23_26-225x300.jpg 225w\" sizes=\"auto, (max-width: 459px) 100vw, 459px\" \/><\/p>\n<hr \/>\n<p>&nbsp;<\/p>\n","protected":false},"excerpt":{"rendered":"<p>Projekt edukacyjno-historyczny \u201eKonstytucja 3 Maja\u201d W ramach obchod\u00f3w kolejnej rocznicy uchwalenia Konstytucji 3 Maja uczniowie klas 0-VIII wzi\u0119li aktywny udzia\u0142 w realizacji projektu edukacyjno- historycznego \u201eKonstytucja 3 Maja\u201d. CELE OG\u00d3LNE&#8230; <a href=\"http:\/\/sp.uchanie.pl\/index.php\/projekty\/projekt-edukacyjno-historyczny-konstytucja-3-maja\/\">Read more &raquo;<\/a><\/p>\n","protected":false},"author":1,"featured_media":0,"parent":8421,"menu_order":0,"comment_status":"closed","ping_status":"closed","template":"","meta":{"footnotes":""},"class_list":["post-15276","page","type-page","status-publish","hentry"],"_links":{"self":[{"href":"http:\/\/sp.uchanie.pl\/index.php\/wp-json\/wp\/v2\/pages\/15276","targetHints":{"allow":["GET"]}}],"collection":[{"href":"http:\/\/sp.uchanie.pl\/index.php\/wp-json\/wp\/v2\/pages"}],"about":[{"href":"http:\/\/sp.uchanie.pl\/index.php\/wp-json\/wp\/v2\/types\/page"}],"author":[{"embeddable":true,"href":"http:\/\/sp.uchanie.pl\/index.php\/wp-json\/wp\/v2\/users\/1"}],"replies":[{"embeddable":true,"href":"http:\/\/sp.uchanie.pl\/index.php\/wp-json\/wp\/v2\/comments?post=15276"}],"version-history":[{"count":1,"href":"http:\/\/sp.uchanie.pl\/index.php\/wp-json\/wp\/v2\/pages\/15276\/revisions"}],"predecessor-version":[{"id":15277,"href":"http:\/\/sp.uchanie.pl\/index.php\/wp-json\/wp\/v2\/pages\/15276\/revisions\/15277"}],"up":[{"embeddable":true,"href":"http:\/\/sp.uchanie.pl\/index.php\/wp-json\/wp\/v2\/pages\/8421"}],"wp:attachment":[{"href":"http:\/\/sp.uchanie.pl\/index.php\/wp-json\/wp\/v2\/media?parent=15276"}],"curies":[{"name":"wp","href":"https:\/\/api.w.org\/{rel}","templated":true}]}}