{"id":14819,"date":"2023-04-29T20:30:47","date_gmt":"2023-04-29T18:30:47","guid":{"rendered":"http:\/\/192.168.40.27\/?page_id=14819"},"modified":"2025-09-23T17:26:11","modified_gmt":"2025-09-23T15:26:11","slug":"konkursculture-master","status":"publish","type":"page","link":"http:\/\/sp.uchanie.pl\/index.php\/konkursculture-master\/","title":{"rendered":"Konkurs&#8221;Culture Master&#8221;"},"content":{"rendered":"<p>W zwi\u0105zku z obchodami \u015awiatowego Dnia J\u0119zyka Angielskiego w naszej szkole<br \/>\n24 kwietnia 2023 roku odby\u0142 si\u0119 Szkolny Konkurs z J\u0119zyka angielskiego \u2018Culture Master\u2019<br \/>\nprzygotowany przez nauczycielki j\u0119zyka angielskiego Justyn\u0119 Hajduk i Ewelin\u0119 Sobowicz .<br \/>\nKonkurs mia\u0142 na celu popularyzacj\u0119 j\u0119zyka angielskiego w\u015br\u00f3d m\u0142odzie\u017cy, sprawdzenie<br \/>\nznajomo\u015bci geografii, kultury i historii Wielkiej Brytanii oraz rozwijanie motywacji i pasji do<br \/>\nnauki j\u0119zyka angielskiego. Do udzia\u0142u w konkursie zaproszeni zostali uczniowie klas 4-8.<br \/>\nKu zadowoleniu organizatorek zainteresowanie konkursem by\u0142o bardzo du\u017ce. Do rywalizacji<br \/>\nprzyst\u0105pi\u0142o 27 uczni\u00f3w spo\u015br\u00f3d kt\u00f3rych wy\u0142oniono 5 laureat\u00f3w.<br \/>\nZwyci\u0119zcami konkursu \u2018Culture Master \u2018 zostali:<br \/>\nI miejsce- Aleksandra Florek (kl.8a)<br \/>\nII miejsce- Rozalia Szumi\u0142o (kl.8a)<br \/>\nIII miejsce \u2013 Nikola Podg\u00f3rska (kl.5)<br \/>\nWyr\u00f3\u017cnienia otrzymali:<br \/>\nMartyna Wolik (kl.4)<br \/>\nBart\u0142omiej Bronicki (kl.8b)<br \/>\nZwyci\u0119zcy konkursu otrzymali dyplomy i nagrody rzeczowe ufundowane przez Rad\u0119<br \/>\nRodzic\u00f3w. Oficjalne wr\u0119czenie nagr\u00f3d przez pani\u0105 dyrektor Marzen\u0119 Zarek- Wrzyszcz<br \/>\nnast\u0105pi\u0142o 25 kwietnia.<br \/>\nWszystkim laureatom serdecznie gratulujemy.<\/p>\n<p style=\"text-align: right;\">Tekst opracowa\u0142a Ewelina Sobowicz<\/p>\n<p><img loading=\"lazy\" decoding=\"async\" class=\"alignnone wp-image-14820 size-medium\" src=\"http:\/\/sp.uchanie.pl\/wp-content\/uploads\/2023\/04\/343427923_613717463976793_9183046588364683265_n-300x225.jpg\" alt=\"\" width=\"300\" height=\"225\" srcset=\"http:\/\/sp.uchanie.pl\/wp-content\/uploads\/2023\/04\/343427923_613717463976793_9183046588364683265_n-300x225.jpg 300w, http:\/\/sp.uchanie.pl\/wp-content\/uploads\/2023\/04\/343427923_613717463976793_9183046588364683265_n-1024x768.jpg 1024w, http:\/\/sp.uchanie.pl\/wp-content\/uploads\/2023\/04\/343427923_613717463976793_9183046588364683265_n-768x576.jpg 768w, http:\/\/sp.uchanie.pl\/wp-content\/uploads\/2023\/04\/343427923_613717463976793_9183046588364683265_n-1536x1152.jpg 1536w, http:\/\/sp.uchanie.pl\/wp-content\/uploads\/2023\/04\/343427923_613717463976793_9183046588364683265_n-624x468.jpg 624w, http:\/\/sp.uchanie.pl\/wp-content\/uploads\/2023\/04\/343427923_613717463976793_9183046588364683265_n-240x180.jpg 240w, http:\/\/sp.uchanie.pl\/wp-content\/uploads\/2023\/04\/343427923_613717463976793_9183046588364683265_n.jpg 2048w\" sizes=\"auto, (max-width: 300px) 100vw, 300px\" \/> <img loading=\"lazy\" decoding=\"async\" class=\"alignnone wp-image-14821 size-medium\" src=\"http:\/\/sp.uchanie.pl\/wp-content\/uploads\/2023\/04\/342722975_201595749323972_7006204240048317266_n-300x225.jpg\" alt=\"\" width=\"300\" height=\"225\" srcset=\"http:\/\/sp.uchanie.pl\/wp-content\/uploads\/2023\/04\/342722975_201595749323972_7006204240048317266_n-300x225.jpg 300w, http:\/\/sp.uchanie.pl\/wp-content\/uploads\/2023\/04\/342722975_201595749323972_7006204240048317266_n-1024x768.jpg 1024w, http:\/\/sp.uchanie.pl\/wp-content\/uploads\/2023\/04\/342722975_201595749323972_7006204240048317266_n-768x576.jpg 768w, http:\/\/sp.uchanie.pl\/wp-content\/uploads\/2023\/04\/342722975_201595749323972_7006204240048317266_n-1536x1152.jpg 1536w, http:\/\/sp.uchanie.pl\/wp-content\/uploads\/2023\/04\/342722975_201595749323972_7006204240048317266_n-624x468.jpg 624w, http:\/\/sp.uchanie.pl\/wp-content\/uploads\/2023\/04\/342722975_201595749323972_7006204240048317266_n-240x180.jpg 240w, http:\/\/sp.uchanie.pl\/wp-content\/uploads\/2023\/04\/342722975_201595749323972_7006204240048317266_n.jpg 2048w\" sizes=\"auto, (max-width: 300px) 100vw, 300px\" \/> <img loading=\"lazy\" decoding=\"async\" class=\"alignnone wp-image-14823 size-medium\" src=\"http:\/\/sp.uchanie.pl\/wp-content\/uploads\/2023\/04\/342222269_787285675926783_2471378913136864250_n-300x225.jpg\" alt=\"\" width=\"300\" height=\"225\" srcset=\"http:\/\/sp.uchanie.pl\/wp-content\/uploads\/2023\/04\/342222269_787285675926783_2471378913136864250_n-300x225.jpg 300w, http:\/\/sp.uchanie.pl\/wp-content\/uploads\/2023\/04\/342222269_787285675926783_2471378913136864250_n-1024x768.jpg 1024w, http:\/\/sp.uchanie.pl\/wp-content\/uploads\/2023\/04\/342222269_787285675926783_2471378913136864250_n-768x576.jpg 768w, http:\/\/sp.uchanie.pl\/wp-content\/uploads\/2023\/04\/342222269_787285675926783_2471378913136864250_n-1536x1152.jpg 1536w, http:\/\/sp.uchanie.pl\/wp-content\/uploads\/2023\/04\/342222269_787285675926783_2471378913136864250_n-624x468.jpg 624w, http:\/\/sp.uchanie.pl\/wp-content\/uploads\/2023\/04\/342222269_787285675926783_2471378913136864250_n-240x180.jpg 240w, http:\/\/sp.uchanie.pl\/wp-content\/uploads\/2023\/04\/342222269_787285675926783_2471378913136864250_n.jpg 2048w\" sizes=\"auto, (max-width: 300px) 100vw, 300px\" \/> <img loading=\"lazy\" decoding=\"async\" class=\"alignnone wp-image-14824 size-medium\" src=\"http:\/\/sp.uchanie.pl\/wp-content\/uploads\/2023\/04\/341559151_235525912359153_707322249567269891_n-300x225.jpg\" alt=\"\" width=\"300\" height=\"225\" srcset=\"http:\/\/sp.uchanie.pl\/wp-content\/uploads\/2023\/04\/341559151_235525912359153_707322249567269891_n-300x225.jpg 300w, http:\/\/sp.uchanie.pl\/wp-content\/uploads\/2023\/04\/341559151_235525912359153_707322249567269891_n-1024x768.jpg 1024w, http:\/\/sp.uchanie.pl\/wp-content\/uploads\/2023\/04\/341559151_235525912359153_707322249567269891_n-768x576.jpg 768w, http:\/\/sp.uchanie.pl\/wp-content\/uploads\/2023\/04\/341559151_235525912359153_707322249567269891_n-1536x1152.jpg 1536w, http:\/\/sp.uchanie.pl\/wp-content\/uploads\/2023\/04\/341559151_235525912359153_707322249567269891_n-624x468.jpg 624w, http:\/\/sp.uchanie.pl\/wp-content\/uploads\/2023\/04\/341559151_235525912359153_707322249567269891_n-240x180.jpg 240w, http:\/\/sp.uchanie.pl\/wp-content\/uploads\/2023\/04\/341559151_235525912359153_707322249567269891_n.jpg 2048w\" sizes=\"auto, (max-width: 300px) 100vw, 300px\" \/> <img loading=\"lazy\" decoding=\"async\" class=\"alignnone wp-image-14825 size-medium\" src=\"http:\/\/sp.uchanie.pl\/wp-content\/uploads\/2023\/04\/341698629_6516501211703014_7012215502105390664_n-300x225.jpg\" alt=\"\" width=\"300\" height=\"225\" srcset=\"http:\/\/sp.uchanie.pl\/wp-content\/uploads\/2023\/04\/341698629_6516501211703014_7012215502105390664_n-300x225.jpg 300w, http:\/\/sp.uchanie.pl\/wp-content\/uploads\/2023\/04\/341698629_6516501211703014_7012215502105390664_n-1024x768.jpg 1024w, http:\/\/sp.uchanie.pl\/wp-content\/uploads\/2023\/04\/341698629_6516501211703014_7012215502105390664_n-768x576.jpg 768w, http:\/\/sp.uchanie.pl\/wp-content\/uploads\/2023\/04\/341698629_6516501211703014_7012215502105390664_n-1536x1152.jpg 1536w, http:\/\/sp.uchanie.pl\/wp-content\/uploads\/2023\/04\/341698629_6516501211703014_7012215502105390664_n-624x468.jpg 624w, http:\/\/sp.uchanie.pl\/wp-content\/uploads\/2023\/04\/341698629_6516501211703014_7012215502105390664_n-240x180.jpg 240w, http:\/\/sp.uchanie.pl\/wp-content\/uploads\/2023\/04\/341698629_6516501211703014_7012215502105390664_n.jpg 2048w\" sizes=\"auto, (max-width: 300px) 100vw, 300px\" \/> <img loading=\"lazy\" decoding=\"async\" class=\"alignnone wp-image-14826 size-medium\" src=\"http:\/\/sp.uchanie.pl\/wp-content\/uploads\/2023\/04\/341698629_2753352754826599_834428783823584062_n-300x225.jpg\" alt=\"\" width=\"300\" height=\"225\" srcset=\"http:\/\/sp.uchanie.pl\/wp-content\/uploads\/2023\/04\/341698629_2753352754826599_834428783823584062_n-300x225.jpg 300w, http:\/\/sp.uchanie.pl\/wp-content\/uploads\/2023\/04\/341698629_2753352754826599_834428783823584062_n-1024x768.jpg 1024w, http:\/\/sp.uchanie.pl\/wp-content\/uploads\/2023\/04\/341698629_2753352754826599_834428783823584062_n-768x576.jpg 768w, http:\/\/sp.uchanie.pl\/wp-content\/uploads\/2023\/04\/341698629_2753352754826599_834428783823584062_n-1536x1152.jpg 1536w, http:\/\/sp.uchanie.pl\/wp-content\/uploads\/2023\/04\/341698629_2753352754826599_834428783823584062_n-624x468.jpg 624w, http:\/\/sp.uchanie.pl\/wp-content\/uploads\/2023\/04\/341698629_2753352754826599_834428783823584062_n-240x180.jpg 240w, http:\/\/sp.uchanie.pl\/wp-content\/uploads\/2023\/04\/341698629_2753352754826599_834428783823584062_n.jpg 2048w\" sizes=\"auto, (max-width: 300px) 100vw, 300px\" \/><\/p>\n","protected":false},"excerpt":{"rendered":"<p>W zwi\u0105zku z obchodami \u015awiatowego Dnia J\u0119zyka Angielskiego w naszej szkole 24 kwietnia 2023 roku odby\u0142 si\u0119 Szkolny Konkurs z J\u0119zyka angielskiego \u2018Culture Master\u2019 przygotowany przez nauczycielki j\u0119zyka angielskiego Justyn\u0119&#8230; <a href=\"http:\/\/sp.uchanie.pl\/index.php\/konkursculture-master\/\">Read more &raquo;<\/a><\/p>\n","protected":false},"author":9,"featured_media":14826,"parent":0,"menu_order":0,"comment_status":"closed","ping_status":"closed","template":"","meta":{"footnotes":""},"class_list":["post-14819","page","type-page","status-publish","has-post-thumbnail","hentry"],"_links":{"self":[{"href":"http:\/\/sp.uchanie.pl\/index.php\/wp-json\/wp\/v2\/pages\/14819","targetHints":{"allow":["GET"]}}],"collection":[{"href":"http:\/\/sp.uchanie.pl\/index.php\/wp-json\/wp\/v2\/pages"}],"about":[{"href":"http:\/\/sp.uchanie.pl\/index.php\/wp-json\/wp\/v2\/types\/page"}],"author":[{"embeddable":true,"href":"http:\/\/sp.uchanie.pl\/index.php\/wp-json\/wp\/v2\/users\/9"}],"replies":[{"embeddable":true,"href":"http:\/\/sp.uchanie.pl\/index.php\/wp-json\/wp\/v2\/comments?post=14819"}],"version-history":[{"count":3,"href":"http:\/\/sp.uchanie.pl\/index.php\/wp-json\/wp\/v2\/pages\/14819\/revisions"}],"predecessor-version":[{"id":23185,"href":"http:\/\/sp.uchanie.pl\/index.php\/wp-json\/wp\/v2\/pages\/14819\/revisions\/23185"}],"wp:featuredmedia":[{"embeddable":true,"href":"http:\/\/sp.uchanie.pl\/index.php\/wp-json\/wp\/v2\/media\/14826"}],"wp:attachment":[{"href":"http:\/\/sp.uchanie.pl\/index.php\/wp-json\/wp\/v2\/media?parent=14819"}],"curies":[{"name":"wp","href":"https:\/\/api.w.org\/{rel}","templated":true}]}}