{"id":12396,"date":"2022-09-29T16:54:15","date_gmt":"2022-09-29T14:54:15","guid":{"rendered":"http:\/\/192.168.40.27\/?page_id=12396"},"modified":"2025-09-23T15:58:47","modified_gmt":"2025-09-23T13:58:47","slug":"labolatoriaprzyszlosci","status":"publish","type":"page","link":"http:\/\/sp.uchanie.pl\/index.php\/labolatoriaprzyszlosci\/","title":{"rendered":"Laboratoria przysz\u0142o\u015bci"},"content":{"rendered":"<h1 style=\"text-align: center;\"><span style=\"color: #0000ff;\"><strong>Laboratoria przysz\u0142o\u015bci<\/strong><\/span><\/h1>\n<hr \/>\n<p><a href=\"http:\/\/sp.uchanie.pl\/index.php\/labolatoriaprzyszlosci\/drukarka-3d-i-robotyka\/\"><img loading=\"lazy\" decoding=\"async\" class=\"alignleft wp-image-12397 size-medium\" src=\"http:\/\/sp.uchanie.pl\/wp-content\/uploads\/2022\/09\/3D_roboty-225x300.jpeg\" alt=\"\" width=\"225\" height=\"300\" srcset=\"http:\/\/sp.uchanie.pl\/wp-content\/uploads\/2022\/09\/3D_roboty-225x300.jpeg 225w, http:\/\/sp.uchanie.pl\/wp-content\/uploads\/2022\/09\/3D_roboty.jpeg 600w\" sizes=\"auto, (max-width: 225px) 100vw, 225px\" \/><\/a><a href=\"http:\/\/sp.uchanie.pl\/index.php\/labolatoriaprzyszlosci\/pracownia-zajec-kreatywnych\/\"><img loading=\"lazy\" decoding=\"async\" class=\"alignleft wp-image-12398 size-medium\" src=\"http:\/\/sp.uchanie.pl\/wp-content\/uploads\/2022\/09\/kreatywnos\u0301c\u0301-225x300.jpeg\" alt=\"\" width=\"225\" height=\"300\" srcset=\"http:\/\/sp.uchanie.pl\/wp-content\/uploads\/2022\/09\/kreatywnos\u0301c\u0301-225x300.jpeg 225w, http:\/\/sp.uchanie.pl\/wp-content\/uploads\/2022\/09\/kreatywnos\u0301c\u0301.jpeg 600w\" sizes=\"auto, (max-width: 225px) 100vw, 225px\" \/><\/a><\/p>\n<p>&nbsp;<\/p>\n<p>&nbsp;<\/p>\n<p>&nbsp;<\/p>\n<p>&nbsp;<\/p>\n<p>&nbsp;<\/p>\n<p>&nbsp;<\/p>\n<p>&nbsp;<\/p>\n<p><a href=\"http:\/\/sp.uchanie.pl\/index.php\/labolatoriaprzyszlosci\/pracownia-kulinarna\/\"><img loading=\"lazy\" decoding=\"async\" class=\"alignleft wp-image-12399 size-medium\" src=\"http:\/\/sp.uchanie.pl\/wp-content\/uploads\/2022\/09\/kuchnia-225x300.jpeg\" alt=\"\" width=\"225\" height=\"300\" srcset=\"http:\/\/sp.uchanie.pl\/wp-content\/uploads\/2022\/09\/kuchnia-225x300.jpeg 225w, http:\/\/sp.uchanie.pl\/wp-content\/uploads\/2022\/09\/kuchnia.jpeg 600w\" sizes=\"auto, (max-width: 225px) 100vw, 225px\" \/><\/a><a href=\"http:\/\/sp.uchanie.pl\/index.php\/labolatoriaprzyszlosci\/audio-i-video\/\"><img loading=\"lazy\" decoding=\"async\" class=\"alignleft wp-image-12400 size-medium\" src=\"http:\/\/sp.uchanie.pl\/wp-content\/uploads\/2022\/09\/aivideo-225x300.jpeg\" alt=\"\" width=\"225\" height=\"300\" srcset=\"http:\/\/sp.uchanie.pl\/wp-content\/uploads\/2022\/09\/aivideo-225x300.jpeg 225w, http:\/\/sp.uchanie.pl\/wp-content\/uploads\/2022\/09\/aivideo.jpeg 600w\" sizes=\"auto, (max-width: 225px) 100vw, 225px\" \/><\/a><\/p>\n<p>&nbsp;<\/p>\n<p>&nbsp;<\/p>\n<p>&nbsp;<\/p>\n<p>&nbsp;<\/p>\n<p>&nbsp;<\/p>\n<p>&nbsp;<\/p>\n<p>&nbsp;<\/p>\n<p style=\"text-align: center;\"><span style=\"font-weight: 400;\">#LaboratoriaPrzysz\u0142o\u015bci #LaboratoriaPrzyszlosci<\/span><\/p>\n<p><span style=\"font-weight: 400;\">Laboratoria Przysz\u0142o\u015bci to inicjatywa edukacyjna realizowana przez Ministerstwo Edukacji i Nauki we wsp\u00f3\u0142pracy z Centrum GovTech w Kancelarii Prezesa Rady Ministr\u00f3w. Nasz\u0105 wsp\u00f3ln\u0105 misj\u0105 jest stworzenie nowoczesnej szko\u0142y, w kt\u00f3rej zaj\u0119cia b\u0119d\u0105 prowadzone w spos\u00f3b ciekawy, anga\u017cuj\u0105cy uczni\u00f3w oraz sprzyjaj\u0105cy odkrywaniu ich talent\u00f3w i rozwijaniu zainteresowa\u0144.<\/span><\/p>\n<p><span style=\"font-weight: 400;\">Celem inicjatywy jest wsparcie wszystkich szk\u00f3\u0142 podstawowych w budowaniu w\u015br\u00f3d uczni\u00f3w kompetencji przysz\u0142o\u015bci z tzw. kierunk\u00f3w STEAM (nauka, technologia, in\u017cynieria, sztuka oraz matematyka).\u00a0<\/span><\/p>\n<p><span style=\"font-weight: 400;\">Nasza szko\u0142a bierze udzia\u0142 w programie Laboratoria Przysz\u0142o\u015bci!<\/span><\/p>\n<p><span style=\"font-weight: 400;\">Otrzymali\u015bmy 60000 z\u0142 na zakup nowoczesnego sprz\u0119tu, kt\u00f3ry wesprze nas w pracy nad rozwojem kompetencji XXI wieku naszych uczni\u00f3w.<\/span><\/p>\n<p><span style=\"font-weight: 400;\">Zosta\u0142y utworzone cztery pracownie:\u00a0<\/span><\/p>\n<ul>\n<li style=\"font-weight: 400;\" aria-level=\"1\"><span style=\"font-weight: 400;\">Druk 3D i Robotyka w, w kt\u00f3rej znajduj\u0105 si\u0119 m.in.: drukarka 3D, mikrokontrolery, roboty Smart, stacja lutownicza;<\/span><\/li>\n<li style=\"font-weight: 400;\" aria-level=\"1\"><span style=\"font-weight: 400;\">Audio-Video wyposa\u017cone w aparat fotograficzny, bezprzewodowe mikrofony, t\u0142o fotograficzne, kamera video, zestaw o\u015bwietleniowy;<\/span><\/li>\n<li style=\"font-weight: 400;\" aria-level=\"1\"><span style=\"font-weight: 400;\">Pracownia kulinarna wyposa\u017cona w meble, sprz\u0119t AGD i zestawy kulinarne;\u00a0<\/span><\/li>\n<li style=\"font-weight: 400;\" aria-level=\"1\"><span style=\"font-weight: 400;\">Pracownia zaj\u0119\u0107 kreatywnych, w kt\u00f3rej znajduj\u0105 si\u0119 klocki konstrukcyjne KORBO, MORF, Gigo, Clics oraz artyku\u0142y plastyczne.<\/span><\/li>\n<\/ul>\n<p><span style=\"font-weight: 400;\">Otrzymane z programu \u201eLaboratoria przysz\u0142o\u015bci\u201d urz\u0105dzenie, narz\u0119dzia i materia\u0142y urozmaicaj\u0105 prac\u0119 z uczniem oraz ucz\u0105 dzieci i m\u0142odzie\u017c nowych technologii, co w zmieniaj\u0105cym si\u0119 w szybkim tempie \u015bwiecie jest niezwykle wa\u017cne.<\/span><\/p>\n","protected":false},"excerpt":{"rendered":"<p>Laboratoria przysz\u0142o\u015bci &nbsp; &nbsp; &nbsp; &nbsp; &nbsp; &nbsp; &nbsp; &nbsp; &nbsp; &nbsp; &nbsp; &nbsp; &nbsp; &nbsp; #LaboratoriaPrzysz\u0142o\u015bci #LaboratoriaPrzyszlosci Laboratoria Przysz\u0142o\u015bci to inicjatywa edukacyjna realizowana przez Ministerstwo Edukacji i Nauki we&#8230; <a href=\"http:\/\/sp.uchanie.pl\/index.php\/labolatoriaprzyszlosci\/\">Read more &raquo;<\/a><\/p>\n","protected":false},"author":1,"featured_media":0,"parent":0,"menu_order":0,"comment_status":"closed","ping_status":"closed","template":"","meta":{"footnotes":""},"class_list":["post-12396","page","type-page","status-publish","hentry"],"_links":{"self":[{"href":"http:\/\/sp.uchanie.pl\/index.php\/wp-json\/wp\/v2\/pages\/12396","targetHints":{"allow":["GET"]}}],"collection":[{"href":"http:\/\/sp.uchanie.pl\/index.php\/wp-json\/wp\/v2\/pages"}],"about":[{"href":"http:\/\/sp.uchanie.pl\/index.php\/wp-json\/wp\/v2\/types\/page"}],"author":[{"embeddable":true,"href":"http:\/\/sp.uchanie.pl\/index.php\/wp-json\/wp\/v2\/users\/1"}],"replies":[{"embeddable":true,"href":"http:\/\/sp.uchanie.pl\/index.php\/wp-json\/wp\/v2\/comments?post=12396"}],"version-history":[{"count":11,"href":"http:\/\/sp.uchanie.pl\/index.php\/wp-json\/wp\/v2\/pages\/12396\/revisions"}],"predecessor-version":[{"id":23159,"href":"http:\/\/sp.uchanie.pl\/index.php\/wp-json\/wp\/v2\/pages\/12396\/revisions\/23159"}],"wp:attachment":[{"href":"http:\/\/sp.uchanie.pl\/index.php\/wp-json\/wp\/v2\/media?parent=12396"}],"curies":[{"name":"wp","href":"https:\/\/api.w.org\/{rel}","templated":true}]}}